{"id":648,"date":"2021-02-17T17:38:34","date_gmt":"2021-02-17T17:38:34","guid":{"rendered":"https:\/\/verbaliatraducciones.com\/traduccion-jurada\/"},"modified":"2021-03-24T19:50:11","modified_gmt":"2021-03-24T19:50:11","slug":"vereidigte-uebersetzung","status":"publish","type":"page","link":"https:\/\/verbaliatraducciones.com\/de\/vereidigte-uebersetzung\/","title":{"rendered":"Vereidigte \u00dcbersetzung"},"content":{"rendered":"<p>[vc_row content_placement=&#8220;middle&#8220; text_align=&#8220;center&#8220; type=&#8220;image&#8220; bg_position=&#8220;center&#8220; bg_position_horizontal=&#8220;center&#8220; padding_top=&#8220;0&#8243; padding_bottom=&#8220;0&#8243; padding_left=&#8220;0&#8243; padding_right=&#8220;0&#8243; visibility=&#8220;hidden-xs&#8220; bg_image=&#8220;279&#8243;][vc_column]<div  class=\"kleo-gap\" style=\"height:175px;line-height:175px;\"><\/div>[vc_custom_heading text=&#8220;VEREIDIGTE \u00dcBERSETZUNG&#8220; font_container=&#8220;tag:h1|font_size:45px|text_align:center|color:%23ffffff|line_height:50px&#8220; google_fonts=&#8220;font_family:Montserrat%3Aregular%2C700|font_style:700%20bold%20regular%3A700%3Anormal&#8220; letter_spacing=&#8220;50&#8243;]<div  class=\"kleo-gap\" style=\"height:175px;line-height:175px;\"><\/div>[\/vc_column][\/vc_row][vc_row content_placement=&#8220;middle&#8220; text_align=&#8220;center&#8220; type=&#8220;image&#8220; bg_position=&#8220;center&#8220; bg_position_horizontal=&#8220;center&#8220; padding_top=&#8220;0&#8243; padding_bottom=&#8220;0&#8243; padding_left=&#8220;0&#8243; padding_right=&#8220;0&#8243; visibility=&#8220;hidden-sm,hidden-md,hidden-lg,hidden-xlg&#8220; bg_image=&#8220;279&#8243;][vc_column]<div  class=\"kleo-gap\" style=\"height:75px;line-height:75px;\"><\/div>[vc_custom_heading text=&#8220;VEREIDIGTE \u00dcBERSETZUNG&#8220; font_container=&#8220;tag:h1|font_size:25px|text_align:center|color:%23ffffff|line_height:30px&#8220; google_fonts=&#8220;font_family:Montserrat%3Aregular%2C700|font_style:700%20bold%20regular%3A700%3Anormal&#8220; letter_spacing=&#8220;50&#8243;]<div  class=\"kleo-gap\" style=\"height:75px;line-height:75px;\"><\/div>[\/vc_column][\/vc_row][vc_row type=&#8220;color&#8220; bg_color=&#8220;#f8f8f8&#8243; column_gap=&#8220;no&#8220; padding_top=&#8220;0&#8243; padding_bottom=&#8220;0&#8243; visibility=&#8220;hidden-xs&#8220;][vc_column z_index=&#8220;10&#8243; css=&#8220;.vc_custom_1454348779620{margin-top: -40px !important;background-color: #ffffff !important;}&#8220; offset=&#8220;vc_col-lg-offset-1 vc_col-lg-10 vc_col-md-offset-1 vc_col-md-10 vc_col-xs-12&#8243;][vc_row_inner equal_height=&#8220;yes&#8220; content_placement=&#8220;middle&#8220; css=&#8220;.vc_custom_1612602111275{margin-right: 0px !important;margin-bottom: 0px !important;margin-left: 0px !important;}&#8220;][vc_column_inner width=&#8220;1\/2&#8243; offset=&#8220;vc_col-lg-4 vc_col-md-4 vc_col-xs-12&#8243; css=&#8220;.vc_custom_1613746832907{padding-right: 0px !important;padding-left: 0px !important;background-image: url(https:\/\/verbaliatraducciones.com\/wp-content\/uploads\/2021\/02\/traducciones-juradas.jpg?id=281) !important;background-position: center !important;background-repeat: no-repeat !important;background-size: cover !important;}&#8220;]<div  class=\"kleo-gap\" style=\"height:200px;line-height:200px;\"><\/div>[\/vc_column_inner][vc_column_inner width=&#8220;1\/2&#8243; offset=&#8220;vc_col-lg-8 vc_col-md-8 vc_col-xs-12&#8243; css=&#8220;.vc_custom_1448622918786{padding-right: 0px !important;padding-left: 0px !important;}&#8220;]<div  class=\"kleo-gap\" style=\"height:20px;line-height:20px;\"><\/div>[vc_custom_heading text=&#8220;Was ist eine vereidigte \u00dcbersetzung, und welche Aufgabe erf\u00fcllt ein vereidigter \u00dcbersetzer?&#8220; font_container=&#8220;tag:h2|font_size:30|text_align:center|color:%23efb108&#8243; use_theme_fonts=&#8220;yes&#8220;][vc_column_text css=&#8220;.vc_custom_1616615365880{padding-right: 40px !important;padding-left: 40px !important;}&#8220;]Die vereidigte \u00dcbersetzung wird bei amtlichen Stellen ben\u00f6tigt (Gerichte, Konsulate, Universit\u00e4ten, usw.).<\/p>\n<p>Der vereidigte \u00dcbersetzer ist befugt, Dokumenten offiziellen Charakter zu verleihen, da er seinen Titel vom Ministerium f\u00fcr ausw\u00e4rtige Angelegenheiten erhalten hat.<br \/>\nFalls Sie ein Diplom in einer Firma vorlegen m\u00fcssen oder einen Strafregisterauszug ben\u00f6tigen, ist eine von einem vereidigten \u00dcbersetzer angefertigte \u00dcbersetzung erforderlich.<br \/>\nIn diesen F\u00e4llen gen\u00fcgt eine einfache \u00dcbersetzung nicht, und man wendet sich an einen vereidigten \u00dcbersetzer, der das Dokument unterzeichnet und stempelt.<\/p>\n<p>Erkundigen Sie sich nach unseren Tarifen. Wir senden Ihnen so rasch wie m\u00f6glich einen Kostenvoranschlag zu.<\/p>\n<p>Falls Sie an anderen Dienstleistungen interessiert sind: Unsere <a title=\"\u00dcbersetzungsb\u00fcro und dolmetscherdienste\" href=\"https:\/\/verbaliatraducciones.com\/de\" target=\"_blank\" rel=\"noopener\">\u00dcbersetzungs- und Dolmetschagentur<\/a>\u00a0verf\u00fcgt auch \u00fcber Fachleute f\u00fcr andere <a title=\"Dolmetschen\" href=\"https:\/\/verbaliatraducciones.com\/de\/dolmetschen\/\" target=\"_blank\" rel=\"noopener\">\u00dcbersetzungs- und Dolmetschauftr\u00e4ge<\/a>. Unser Team aus <a title=\"\u00dcbersetzern und Dolmetschern\" href=\"https:\/\/verbaliatraducciones.com\/de\/uebersetzungs-und-dolmetscherdienste\/\" target=\"_blank\" rel=\"noopener\">\u00dcbersetzern und Dolmetschern<\/a> wird diese in h\u00f6chster Qualit\u00e4t so rasch wie m\u00f6glich ausf\u00fchren.[\/vc_column_text]<div  class=\"kleo-gap\" style=\"height:20px;line-height:20px;\"><\/div><style>#btn_69f2d7b67120d:hover {background-color: rgba(239,177,8,0.74) !important;}<\/style><div class=\"text-center\"><a class=\"btn btn-custom btn-lg\" href=\"https:\/\/verbaliatraducciones.com\/de\/kontact\/\" style=\"background-color: #efb108;color: #000000;\"id=\"btn_69f2d7b67120d\">VERLANGEN SIE EINEN UNVERBINDLICHEN KOSTENVORANSCHLAG<\/a><\/div><div  class=\"kleo-gap\" style=\"height:20px;line-height:20px;\"><\/div>[\/vc_column_inner][\/vc_row_inner][\/vc_column][\/vc_row][vc_row type=&#8220;color&#8220; bg_color=&#8220;#f8f8f8&#8243; column_gap=&#8220;no&#8220; padding_top=&#8220;0&#8243; padding_bottom=&#8220;0&#8243; visibility=&#8220;hidden-sm,hidden-md,hidden-lg,hidden-xlg&#8220;][vc_column z_index=&#8220;10&#8243; css=&#8220;.vc_custom_1454348779620{margin-top: -40px !important;background-color: #ffffff !important;}&#8220; offset=&#8220;vc_col-lg-offset-1 vc_col-lg-10 vc_col-md-offset-1 vc_col-md-10 vc_col-xs-12&#8243;][vc_row_inner][vc_column_inner][vc_custom_heading text=&#8220;Was ist eine vereidigte \u00dcbersetzung, und welche Aufgabe erf\u00fcllt ein vereidigter \u00dcbersetzer?&#8220; font_container=&#8220;tag:h2|font_size:30|text_align:center|color:%23efb108&#8243; use_theme_fonts=&#8220;yes&#8220; css=&#8220;.vc_custom_1616439103276{padding-right: 20px !important;padding-left: 20px !important;}&#8220;]<div  class=\"kleo-gap\" style=\"height:20px;line-height:20px;\"><\/div>[vc_column_text css=&#8220;.vc_custom_1616615406680{padding-right: 40px !important;padding-left: 40px !important;}&#8220;]Die vereidigte \u00dcbersetzung wird bei amtlichen Stellen ben\u00f6tigt (Gerichte, Konsulate, Universit\u00e4ten, usw.).<\/p>\n<p>Der vereidigte \u00dcbersetzer ist befugt, Dokumenten offiziellen Charakter zu verleihen, da er seinen Titel vom Ministerium f\u00fcr ausw\u00e4rtige Angelegenheiten erhalten hat.<br \/>\nFalls Sie ein Diplom in einer Firma vorlegen m\u00fcssen oder einen Strafregisterauszug ben\u00f6tigen, ist eine von einem vereidigten \u00dcbersetzer angefertigte \u00dcbersetzung erforderlich.<br \/>\nIn diesen F\u00e4llen gen\u00fcgt eine einfache \u00dcbersetzung nicht, und man wendet sich an einen vereidigten \u00dcbersetzer, der das Dokument unterzeichnet und stempelt.<\/p>\n<p>Erkundigen Sie sich nach unseren Tarifen. Wir senden Ihnen so rasch wie m\u00f6glich einen Kostenvoranschlag zu.<\/p>\n<p>Falls Sie an anderen Dienstleistungen interessiert sind: Unsere <a title=\"\u00dcbersetzungsb\u00fcro und dolmetscherdienste\" href=\"https:\/\/verbaliatraducciones.com\/de\" target=\"_blank\" rel=\"noopener\">\u00dcbersetzungs- und Dolmetschagentur<\/a>\u00a0verf\u00fcgt auch \u00fcber Fachleute f\u00fcr andere <a title=\"Dolmetschen\" href=\"https:\/\/verbaliatraducciones.com\/de\/dolmetschen\/\" target=\"_blank\" rel=\"noopener\">\u00dcbersetzungs- und Dolmetschauftr\u00e4ge<\/a>. Unser Team aus <a title=\"\u00dcbersetzern und Dolmetschern\" href=\"https:\/\/verbaliatraducciones.com\/de\/uebersetzungs-und-dolmetscherdienste\/\" target=\"_blank\" rel=\"noopener\">\u00dcbersetzern und Dolmetschern<\/a> wird diese in h\u00f6chster Qualit\u00e4t so rasch wie m\u00f6glich ausf\u00fchren.[\/vc_column_text]<style>#btn_69f2d7b671892:hover {background-color: rgba(239,177,8,0.74) !important;}<\/style><div class=\"text-center\"><a class=\"btn btn-custom btn-sm\" href=\"https:\/\/verbaliatraducciones.com\/de\/kontact\/\" style=\"background-color: #efb108;color: #000000;\"id=\"btn_69f2d7b671892\">VERLANGEN SIE EINEN UNVERBINDLICHEN KOSTENVORANSCHLAG<\/a><\/div><div  class=\"kleo-gap\" style=\"height:20px;line-height:20px;\"><\/div>[\/vc_column_inner][\/vc_row_inner][\/vc_column][\/vc_row][vc_row text_align=&#8220;center&#8220; type=&#8220;image&#8220; bg_position=&#8220;center&#8220; bg_position_horizontal=&#8220;center&#8220; enable_parallax=&#8220;false&#8220; parallax_speed=&#8220;0.3&#8243; column_gap=&#8220;no&#8220; padding_top=&#8220;&#8220; padding_bottom=&#8220;&#8220; margin_top=&#8220;-40px&#8220; bg_image=&#8220;85&#8243;][vc_column]<div  class=\"kleo-gap\" style=\"height:200px;line-height:200px;\"><\/div>[\/vc_column][\/vc_row]<\/p>\n","protected":false},"excerpt":{"rendered":"<p>[vc_row content_placement=&#8220;middle&#8220; text_align=&#8220;center&#8220; type=&#8220;image&#8220; bg_position=&#8220;center&#8220; bg_position_horizontal=&#8220;center&#8220; padding_top=&#8220;0&#8243; padding_bottom=&#8220;0&#8243; padding_left=&#8220;0&#8243; padding_right=&#8220;0&#8243; visibility=&#8220;hidden-xs&#8220; bg_image=&#8220;279&#8243;][vc_column][vc_custom_heading text=&#8220;VEREIDIGTE \u00dcBERSETZUNG&#8220; font_container=&#8220;tag:h1|font_size:45px|text_align:center|color:%23ffffff|line_height:50px&#8220; google_fonts=&#8220;font_family:Montserrat%3Aregular%2C700|font_style:700%20bold%20regular%3A700%3Anormal&#8220; letter_spacing=&#8220;50&#8243;][\/vc_column][\/vc_row][vc_row content_placement=&#8220;middle&#8220; text_align=&#8220;center&#8220; type=&#8220;image&#8220; bg_position=&#8220;center&#8220; bg_position_horizontal=&#8220;center&#8220; padding_top=&#8220;0&#8243; padding_bottom=&#8220;0&#8243; padding_left=&#8220;0&#8243; padding_right=&#8220;0&#8243; visibility=&#8220;hidden-sm,hidden-md,hidden-lg,hidden-xlg&#8220; bg_image=&#8220;279&#8243;][vc_column][vc_custom_heading text=&#8220;VEREIDIGTE \u00dcBERSETZUNG&#8220; font_container=&#8220;tag:h1|font_size:25px|text_align:center|color:%23ffffff|line_height:30px&#8220; google_fonts=&#8220;font_family:Montserrat%3Aregular%2C700|font_style:700%20bold%20regular%3A700%3Anormal&#8220; letter_spacing=&#8220;50&#8243;][\/vc_column][\/vc_row][vc_row type=&#8220;color&#8220; bg_color=&#8220;#f8f8f8&#8243; column_gap=&#8220;no&#8220; padding_top=&#8220;0&#8243; padding_bottom=&#8220;0&#8243; visibility=&#8220;hidden-xs&#8220;][vc_column z_index=&#8220;10&#8243; css=&#8220;.vc_custom_1454348779620{margin-top: -40px !important;background-color: #ffffff !important;}&#8220; offset=&#8220;vc_col-lg-offset-1 vc_col-lg-10 vc_col-md-offset-1 vc_col-md-10 vc_col-xs-12&#8243;][vc_row_inner equal_height=&#8220;yes&#8220; content_placement=&#8220;middle&#8220; css=&#8220;.vc_custom_1612602111275{margin-right: 0px !important;margin-bottom: 0px !important;margin-left: 0px !important;}&#8220;][vc_column_inner width=&#8220;1\/2&#8243; [&hellip;]<\/p>\n","protected":false},"author":1,"featured_media":0,"parent":0,"menu_order":0,"comment_status":"closed","ping_status":"closed","template":"page-templates\/full-width.php","meta":{"footnotes":""},"class_list":["post-648","page","type-page","status-publish","hentry"],"yoast_head":"<!-- This site is optimized with the Yoast SEO plugin v19.13 - https:\/\/yoast.com\/wordpress\/plugins\/seo\/ -->\n<title>Vereidigte \u00dcbersetzung | Verbalia traducciones e interpretaciones<\/title>\n<meta name=\"description\" content=\"Verbalia traducciones te ofrece las traducciones juradas m\u00e1s profesionales con traductores nativos en toda Espa\u00f1a\" \/>\n<meta name=\"robots\" content=\"index, follow, max-snippet:-1, max-image-preview:large, max-video-preview:-1\" \/>\n<link rel=\"canonical\" href=\"https:\/\/verbaliatraducciones.com\/de\/vereidigte-uebersetzung\/\" \/>\n<meta property=\"og:locale\" content=\"de_DE\" \/>\n<meta property=\"og:type\" content=\"article\" \/>\n<meta property=\"og:title\" content=\"Vereidigte \u00dcbersetzung | Verbalia traducciones e interpretaciones\" \/>\n<meta property=\"og:description\" content=\"Verbalia traducciones te ofrece las traducciones juradas m\u00e1s profesionales con traductores nativos en toda Espa\u00f1a\" \/>\n<meta property=\"og:url\" content=\"https:\/\/verbaliatraducciones.com\/de\/vereidigte-uebersetzung\/\" \/>\n<meta property=\"og:site_name\" content=\"Verbalia Traducciones\" \/>\n<meta property=\"article:modified_time\" content=\"2021-03-24T19:50:11+00:00\" \/>\n<meta name=\"twitter:card\" content=\"summary_large_image\" \/>\n<meta name=\"twitter:label1\" content=\"Gesch\u00e4tzte Lesezeit\" \/>\n\t<meta name=\"twitter:data1\" content=\"2\u00a0Minuten\" \/>\n<script type=\"application\/ld+json\" class=\"yoast-schema-graph\">{\"@context\":\"https:\/\/schema.org\",\"@graph\":[{\"@type\":\"WebPage\",\"@id\":\"https:\/\/verbaliatraducciones.com\/de\/vereidigte-uebersetzung\/\",\"url\":\"https:\/\/verbaliatraducciones.com\/de\/vereidigte-uebersetzung\/\",\"name\":\"Vereidigte \u00dcbersetzung | Verbalia traducciones e interpretaciones\",\"isPartOf\":{\"@id\":\"https:\/\/verbaliatraducciones.com\/#website\"},\"datePublished\":\"2021-02-17T17:38:34+00:00\",\"dateModified\":\"2021-03-24T19:50:11+00:00\",\"description\":\"Verbalia traducciones te ofrece las traducciones juradas m\u00e1s profesionales con traductores nativos en toda Espa\u00f1a\",\"breadcrumb\":{\"@id\":\"https:\/\/verbaliatraducciones.com\/de\/vereidigte-uebersetzung\/#breadcrumb\"},\"inLanguage\":\"de\",\"potentialAction\":[{\"@type\":\"ReadAction\",\"target\":[\"https:\/\/verbaliatraducciones.com\/de\/vereidigte-uebersetzung\/\"]}]},{\"@type\":\"BreadcrumbList\",\"@id\":\"https:\/\/verbaliatraducciones.com\/de\/vereidigte-uebersetzung\/#breadcrumb\",\"itemListElement\":[{\"@type\":\"ListItem\",\"position\":1,\"name\":\"Home\",\"item\":\"https:\/\/verbaliatraducciones.com\/de\/\"},{\"@type\":\"ListItem\",\"position\":2,\"name\":\"Vereidigte \u00dcbersetzung\"}]},{\"@type\":\"WebSite\",\"@id\":\"https:\/\/verbaliatraducciones.com\/#website\",\"url\":\"https:\/\/verbaliatraducciones.com\/\",\"name\":\"Verbalia Traducciones\",\"description\":\"Just another WordPress site\",\"publisher\":{\"@id\":\"https:\/\/verbaliatraducciones.com\/#organization\"},\"potentialAction\":[{\"@type\":\"SearchAction\",\"target\":{\"@type\":\"EntryPoint\",\"urlTemplate\":\"https:\/\/verbaliatraducciones.com\/?s={search_term_string}\"},\"query-input\":\"required name=search_term_string\"}],\"inLanguage\":\"de\"},{\"@type\":\"Organization\",\"@id\":\"https:\/\/verbaliatraducciones.com\/#organization\",\"name\":\"Verbalia Traducciones\",\"url\":\"https:\/\/verbaliatraducciones.com\/\",\"logo\":{\"@type\":\"ImageObject\",\"inLanguage\":\"de\",\"@id\":\"https:\/\/verbaliatraducciones.com\/#\/schema\/logo\/image\/\",\"url\":\"https:\/\/verbaliatraducciones.com\/wp-content\/uploads\/2021\/02\/logo-1.png\",\"contentUrl\":\"https:\/\/verbaliatraducciones.com\/wp-content\/uploads\/2021\/02\/logo-1.png\",\"width\":300,\"height\":100,\"caption\":\"Verbalia Traducciones\"},\"image\":{\"@id\":\"https:\/\/verbaliatraducciones.com\/#\/schema\/logo\/image\/\"}}]}<\/script>\n<!-- \/ Yoast SEO plugin. -->","yoast_head_json":{"title":"Vereidigte \u00dcbersetzung | Verbalia traducciones e interpretaciones","description":"Verbalia traducciones te ofrece las traducciones juradas m\u00e1s profesionales con traductores nativos en toda Espa\u00f1a","robots":{"index":"index","follow":"follow","max-snippet":"max-snippet:-1","max-image-preview":"max-image-preview:large","max-video-preview":"max-video-preview:-1"},"canonical":"https:\/\/verbaliatraducciones.com\/de\/vereidigte-uebersetzung\/","og_locale":"de_DE","og_type":"article","og_title":"Vereidigte \u00dcbersetzung | Verbalia traducciones e interpretaciones","og_description":"Verbalia traducciones te ofrece las traducciones juradas m\u00e1s profesionales con traductores nativos en toda Espa\u00f1a","og_url":"https:\/\/verbaliatraducciones.com\/de\/vereidigte-uebersetzung\/","og_site_name":"Verbalia Traducciones","article_modified_time":"2021-03-24T19:50:11+00:00","twitter_card":"summary_large_image","twitter_misc":{"Gesch\u00e4tzte Lesezeit":"2\u00a0Minuten"},"schema":{"@context":"https:\/\/schema.org","@graph":[{"@type":"WebPage","@id":"https:\/\/verbaliatraducciones.com\/de\/vereidigte-uebersetzung\/","url":"https:\/\/verbaliatraducciones.com\/de\/vereidigte-uebersetzung\/","name":"Vereidigte \u00dcbersetzung | Verbalia traducciones e interpretaciones","isPartOf":{"@id":"https:\/\/verbaliatraducciones.com\/#website"},"datePublished":"2021-02-17T17:38:34+00:00","dateModified":"2021-03-24T19:50:11+00:00","description":"Verbalia traducciones te ofrece las traducciones juradas m\u00e1s profesionales con traductores nativos en toda Espa\u00f1a","breadcrumb":{"@id":"https:\/\/verbaliatraducciones.com\/de\/vereidigte-uebersetzung\/#breadcrumb"},"inLanguage":"de","potentialAction":[{"@type":"ReadAction","target":["https:\/\/verbaliatraducciones.com\/de\/vereidigte-uebersetzung\/"]}]},{"@type":"BreadcrumbList","@id":"https:\/\/verbaliatraducciones.com\/de\/vereidigte-uebersetzung\/#breadcrumb","itemListElement":[{"@type":"ListItem","position":1,"name":"Home","item":"https:\/\/verbaliatraducciones.com\/de\/"},{"@type":"ListItem","position":2,"name":"Vereidigte \u00dcbersetzung"}]},{"@type":"WebSite","@id":"https:\/\/verbaliatraducciones.com\/#website","url":"https:\/\/verbaliatraducciones.com\/","name":"Verbalia Traducciones","description":"Just another WordPress site","publisher":{"@id":"https:\/\/verbaliatraducciones.com\/#organization"},"potentialAction":[{"@type":"SearchAction","target":{"@type":"EntryPoint","urlTemplate":"https:\/\/verbaliatraducciones.com\/?s={search_term_string}"},"query-input":"required name=search_term_string"}],"inLanguage":"de"},{"@type":"Organization","@id":"https:\/\/verbaliatraducciones.com\/#organization","name":"Verbalia Traducciones","url":"https:\/\/verbaliatraducciones.com\/","logo":{"@type":"ImageObject","inLanguage":"de","@id":"https:\/\/verbaliatraducciones.com\/#\/schema\/logo\/image\/","url":"https:\/\/verbaliatraducciones.com\/wp-content\/uploads\/2021\/02\/logo-1.png","contentUrl":"https:\/\/verbaliatraducciones.com\/wp-content\/uploads\/2021\/02\/logo-1.png","width":300,"height":100,"caption":"Verbalia Traducciones"},"image":{"@id":"https:\/\/verbaliatraducciones.com\/#\/schema\/logo\/image\/"}}]}},"_links":{"self":[{"href":"https:\/\/verbaliatraducciones.com\/de\/wp-json\/wp\/v2\/pages\/648","targetHints":{"allow":["GET"]}}],"collection":[{"href":"https:\/\/verbaliatraducciones.com\/de\/wp-json\/wp\/v2\/pages"}],"about":[{"href":"https:\/\/verbaliatraducciones.com\/de\/wp-json\/wp\/v2\/types\/page"}],"author":[{"embeddable":true,"href":"https:\/\/verbaliatraducciones.com\/de\/wp-json\/wp\/v2\/users\/1"}],"replies":[{"embeddable":true,"href":"https:\/\/verbaliatraducciones.com\/de\/wp-json\/wp\/v2\/comments?post=648"}],"version-history":[{"count":10,"href":"https:\/\/verbaliatraducciones.com\/de\/wp-json\/wp\/v2\/pages\/648\/revisions"}],"predecessor-version":[{"id":873,"href":"https:\/\/verbaliatraducciones.com\/de\/wp-json\/wp\/v2\/pages\/648\/revisions\/873"}],"wp:attachment":[{"href":"https:\/\/verbaliatraducciones.com\/de\/wp-json\/wp\/v2\/media?parent=648"}],"curies":[{"name":"wp","href":"https:\/\/api.w.org\/{rel}","templated":true}]}}