{"id":603,"date":"2021-02-17T17:39:54","date_gmt":"2021-02-17T17:39:54","guid":{"rendered":"https:\/\/verbaliatraducciones.com\/interpretacion\/"},"modified":"2021-03-24T20:02:47","modified_gmt":"2021-03-24T20:02:47","slug":"interpretation","status":"publish","type":"page","link":"https:\/\/verbaliatraducciones.com\/fr\/interpretation\/","title":{"rendered":"Interpr\u00e9tation"},"content":{"rendered":"<p>[vc_row content_placement=\u00a0\u00bbmiddle\u00a0\u00bb text_align=\u00a0\u00bbcenter\u00a0\u00bb type=\u00a0\u00bbimage\u00a0\u00bb bg_position=\u00a0\u00bbcenter\u00a0\u00bb bg_position_horizontal=\u00a0\u00bbcenter\u00a0\u00bb padding_top=\u00a0\u00bb0&Prime; padding_bottom=\u00a0\u00bb0&Prime; padding_left=\u00a0\u00bb0&Prime; padding_right=\u00a0\u00bb0&Prime; visibility=\u00a0\u00bbhidden-xs\u00a0\u00bb bg_image=\u00a0\u00bb287&Prime;][vc_column]<div  class=\"kleo-gap\" style=\"height:175px;line-height:175px;\"><\/div>[vc_custom_heading text=\u00a0\u00bbINTERPR\u00c9TATION\u00a0\u00bb font_container=\u00a0\u00bbtag:h1|font_size:45px|text_align:center|color:%23ffffff|line_height:50px\u00a0\u00bb google_fonts=\u00a0\u00bbfont_family:Montserrat%3Aregular%2C700|font_style:700%20bold%20regular%3A700%3Anormal\u00a0\u00bb letter_spacing=\u00a0\u00bb50&Prime;]<div  class=\"kleo-gap\" style=\"height:175px;line-height:175px;\"><\/div>[\/vc_column][\/vc_row][vc_row content_placement=\u00a0\u00bbmiddle\u00a0\u00bb text_align=\u00a0\u00bbcenter\u00a0\u00bb type=\u00a0\u00bbimage\u00a0\u00bb bg_position=\u00a0\u00bbcenter\u00a0\u00bb bg_position_horizontal=\u00a0\u00bbcenter\u00a0\u00bb padding_top=\u00a0\u00bb0&Prime; padding_bottom=\u00a0\u00bb0&Prime; padding_left=\u00a0\u00bb0&Prime; padding_right=\u00a0\u00bb0&Prime; visibility=\u00a0\u00bbhidden-sm,hidden-md,hidden-lg,hidden-xlg\u00a0\u00bb bg_image=\u00a0\u00bb287&Prime;][vc_column]<div  class=\"kleo-gap\" style=\"height:75px;line-height:75px;\"><\/div>[vc_custom_heading text=\u00a0\u00bbINTERPR\u00c9TATION\u00a0\u00bb font_container=\u00a0\u00bbtag:h1|font_size:25px|text_align:center|color:%23ffffff|line_height:30px\u00a0\u00bb google_fonts=\u00a0\u00bbfont_family:Montserrat%3Aregular%2C700|font_style:700%20bold%20regular%3A700%3Anormal\u00a0\u00bb letter_spacing=\u00a0\u00bb50&Prime;]<div  class=\"kleo-gap\" style=\"height:75px;line-height:75px;\"><\/div>[\/vc_column][\/vc_row][vc_row type=\u00a0\u00bbcolor\u00a0\u00bb bg_color=\u00a0\u00bb#f8f8f8&Prime; column_gap=\u00a0\u00bbno\u00a0\u00bb padding_top=\u00a0\u00bb0&Prime; padding_bottom=\u00a0\u00bb0&Prime; visibility=\u00a0\u00bbhidden-xs\u00a0\u00bb][vc_column z_index=\u00a0\u00bb10&Prime; css=\u00a0\u00bb.vc_custom_1454348779620{margin-top: -40px !important;background-color: #ffffff !important;}\u00a0\u00bb offset=\u00a0\u00bbvc_col-lg-offset-1 vc_col-lg-10 vc_col-md-offset-1 vc_col-md-10 vc_col-xs-12&Prime;][vc_row_inner equal_height=\u00a0\u00bbyes\u00a0\u00bb content_placement=\u00a0\u00bbmiddle\u00a0\u00bb css=\u00a0\u00bb.vc_custom_1612602111275{margin-right: 0px !important;margin-bottom: 0px !important;margin-left: 0px !important;}\u00a0\u00bb][vc_column_inner width=\u00a0\u00bb1\/2&Prime; offset=\u00a0\u00bbvc_col-lg-4 vc_col-md-4 vc_col-xs-12&Prime; css=\u00a0\u00bb.vc_custom_1613746878369{padding-right: 0px !important;padding-left: 0px !important;background-image: url(https:\/\/verbaliatraducciones.com\/wp-content\/uploads\/2021\/02\/verbalia-interterpretaciones.jpg?id=283) !important;background-position: center !important;background-repeat: no-repeat !important;background-size: cover !important;}\u00a0\u00bb]<div  class=\"kleo-gap\" style=\"height:200px;line-height:200px;\"><\/div>[\/vc_column_inner][vc_column_inner width=\u00a0\u00bb1\/2&Prime; offset=\u00a0\u00bbvc_col-lg-8 vc_col-md-8 vc_col-xs-12&Prime; css=\u00a0\u00bb.vc_custom_1448622918786{padding-right: 0px !important;padding-left: 0px !important;}\u00a0\u00bb]<div  class=\"kleo-gap\" style=\"height:20px;line-height:20px;\"><\/div>[vc_column_text css=\u00a0\u00bb.vc_custom_1616616001602{padding-right: 40px !important;padding-left: 40px !important;}\u00a0\u00bb]Nous vous garantissons la qualit\u00e9 dont vous avez besoin pour tout type de d\u00e9marches et d\u2019affaires. Consultez les services tels que l\u2019aide \u00e0 la r\u00e9alisation de d\u00e9marches indispensables (se rendre chez le m\u00e9decin ou \u00e0 la police), l\u2019interpr\u00e9tation devant les tribunaux, conf\u00e9rences, notaires ou par vid\u00e9oconf\u00e9rence (Skype, Google talk, etc.)<\/p>\n<p>&nbsp;<\/p>\n<ul class=\"sc-list style3 \">\n<li><strong>Interpr\u00e9tation simultan\u00e9e<\/strong>. Ce type d\u2019interpr\u00e9tation s\u2019utilise lors de congr\u00e8s et d\u2019\u00e9v\u00e9nements internationaux, et il est n\u00e9cessaire d\u2019utiliser une cabine.<\/li>\n<li><strong>Interpr\u00e9tation asserment\u00e9e<\/strong>. L\u2019interpr\u00e9tation asserment\u00e9e s\u2019emploie principalement devant les tribunaux ou lors d\u2019actes en pr\u00e9sence de notaires. L\u2019interpr\u00e9tation rev\u00eat un caract\u00e8re officiel puisque l\u2019interpr\u00e8te a obtenu le dipl\u00f4me correspondant aupr\u00e8s du Minist\u00e8re des affaires \u00e9trang\u00e8res.<\/li>\n<\/ul>\n<p>&nbsp;<\/p>\n<p>En plus de l\u2019interpr\u00e9tation, nous r\u00e9alisons \u00e9galement des travaux de traduction et de <a title=\"Traduction asserment\u00e9e\" href=\"https:\/\/verbaliatraducciones.com\/fr\/traduction-assermentee\/\" target=\"_blank\" rel=\"noopener\">traduction asserment\u00e9e<\/a>.\u00a0Nous disposons d\u2019une grande \u00e9quipe de <a title=\"Traducteurs et interpr\u00e8tes \" href=\"https:\/\/verbaliatraducciones.com\/fr\/services-de-traducteurs-et-dinterpretes\/\" target=\"_blank\" rel=\"noopener\">traducteurs et interpr\u00e8tes<\/a> qui seront \u00e0 votre disposition pour tout type de services de traduction dont vous auriez besoin. Venez nous rendre visite dans notre <a title=\"Agence de traduction et interpr\u00e9tation \u00e0 Alicante.\" href=\"https:\/\/verbaliatraducciones.com\/fr\" target=\"_blank\" rel=\"noopener\">agence de traduction et interpr\u00e9tation \u00e0 Alicante<\/a>.[\/vc_column_text]<div  class=\"kleo-gap\" style=\"height:20px;line-height:20px;\"><\/div><style>#btn_69f2c29f55ad5:hover {background-color: #efc656 !important;}<\/style><div class=\"text-center\"><a class=\"btn btn-custom btn-lg\" href=\"https:\/\/verbaliatraducciones.com\/fr\/contact\/\" style=\"background-color: #efb108;color: #000000;\"id=\"btn_69f2c29f55ad5\">DEMANDEZ UN DEVIS SANS ENGAGEMENT<\/a><\/div><div  class=\"kleo-gap\" style=\"height:20px;line-height:20px;\"><\/div>[\/vc_column_inner][\/vc_row_inner][\/vc_column][\/vc_row][vc_row type=\u00a0\u00bbcolor\u00a0\u00bb bg_color=\u00a0\u00bb#f8f8f8&Prime; column_gap=\u00a0\u00bbno\u00a0\u00bb padding_top=\u00a0\u00bb0&Prime; padding_bottom=\u00a0\u00bb0&Prime; visibility=\u00a0\u00bbhidden-sm,hidden-md,hidden-lg,hidden-xlg\u00a0\u00bb][vc_column z_index=\u00a0\u00bb10&Prime; css=\u00a0\u00bb.vc_custom_1454348779620{margin-top: -40px !important;background-color: #ffffff !important;}\u00a0\u00bb offset=\u00a0\u00bbvc_col-lg-offset-1 vc_col-lg-10 vc_col-md-offset-1 vc_col-md-10 vc_col-xs-12&Prime;][vc_row_inner][vc_column_inner]<div  class=\"kleo-gap\" style=\"height:20px;line-height:20px;\"><\/div>[vc_column_text css=\u00a0\u00bb.vc_custom_1616616163484{padding-right: 40px !important;padding-left: 40px !important;}\u00a0\u00bb]Nous vous garantissons la qualit\u00e9 dont vous avez besoin pour tout type de d\u00e9marches et d\u2019affaires. Consultez les services tels que l\u2019aide \u00e0 la r\u00e9alisation de d\u00e9marches indispensables (se rendre chez le m\u00e9decin ou \u00e0 la police), l\u2019interpr\u00e9tation devant les tribunaux, conf\u00e9rences, notaires ou par vid\u00e9oconf\u00e9rence (Skype, Google talk, etc.)<\/p>\n<p>&nbsp;<\/p>\n<ul class=\"sc-list style3 \">\n<li><strong>Interpr\u00e9tation simultan\u00e9e<\/strong>. Ce type d\u2019interpr\u00e9tation s\u2019utilise lors de congr\u00e8s et d\u2019\u00e9v\u00e9nements internationaux, et il est n\u00e9cessaire d\u2019utiliser une cabine.<\/li>\n<li><strong>Interpr\u00e9tation asserment\u00e9e<\/strong>. L\u2019interpr\u00e9tation asserment\u00e9e s\u2019emploie principalement devant les tribunaux ou lors d\u2019actes en pr\u00e9sence de notaires. L\u2019interpr\u00e9tation rev\u00eat un caract\u00e8re officiel puisque l\u2019interpr\u00e8te a obtenu le dipl\u00f4me correspondant aupr\u00e8s du Minist\u00e8re des affaires \u00e9trang\u00e8res.<\/li>\n<\/ul>\n<p>&nbsp;<\/p>\n<p>En plus de l\u2019interpr\u00e9tation, nous r\u00e9alisons \u00e9galement des travaux de traduction et de <a title=\"Traduction asserment\u00e9e\" href=\"https:\/\/verbaliatraducciones.com\/fr\/traduction-assermentee\/\" target=\"_blank\" rel=\"noopener\">traduction asserment\u00e9e<\/a>.\u00a0Nous disposons d\u2019une grande \u00e9quipe de <a title=\"Traducteurs et interpr\u00e8tes \" href=\"https:\/\/verbaliatraducciones.com\/fr\/services-de-traducteurs-et-dinterpretes\/\" target=\"_blank\" rel=\"noopener\">traducteurs et interpr\u00e8tes<\/a> qui seront \u00e0 votre disposition pour tout type de services de traduction dont vous auriez besoin. Venez nous rendre visite dans notre <a title=\"Agence de traduction et interpr\u00e9tation \u00e0 Alicante.\" href=\"https:\/\/verbaliatraducciones.com\/fr\" target=\"_blank\" rel=\"noopener\">agence de traduction et interpr\u00e9tation \u00e0 Alicante<\/a>.[\/vc_column_text]<div  class=\"kleo-gap\" style=\"height:20px;line-height:20px;\"><\/div><style>#btn_69f2c29f56137:hover {background-color: #efc656 !important;}<\/style><div class=\"text-center\"><a class=\"btn btn-custom btn-sm\" href=\"https:\/\/verbaliatraducciones.com\/fr\/contact\/\" style=\"background-color: #efb108;color: #000000;\"id=\"btn_69f2c29f56137\">DEMANDEZ UN DEVIS SANS ENGAGEMENT<\/a><\/div><div  class=\"kleo-gap\" style=\"height:20px;line-height:20px;\"><\/div>[\/vc_column_inner][\/vc_row_inner][\/vc_column][\/vc_row][vc_row text_align=\u00a0\u00bbcenter\u00a0\u00bb type=\u00a0\u00bbimage\u00a0\u00bb bg_position=\u00a0\u00bbcenter\u00a0\u00bb bg_position_horizontal=\u00a0\u00bbcenter\u00a0\u00bb enable_parallax=\u00a0\u00bbfalse\u00a0\u00bb parallax_speed=\u00a0\u00bb0.3&Prime; column_gap=\u00a0\u00bbno\u00a0\u00bb padding_top=\u00a0\u00bb\u00a0\u00bb padding_bottom=\u00a0\u00bb\u00a0\u00bb margin_top=\u00a0\u00bb-40px\u00a0\u00bb bg_image=\u00a0\u00bb85&Prime;][vc_column]<div  class=\"kleo-gap\" style=\"height:200px;line-height:200px;\"><\/div>[\/vc_column][\/vc_row]<\/p>\n","protected":false},"excerpt":{"rendered":"<p>[vc_row content_placement=\u00a0\u00bbmiddle\u00a0\u00bb text_align=\u00a0\u00bbcenter\u00a0\u00bb type=\u00a0\u00bbimage\u00a0\u00bb bg_position=\u00a0\u00bbcenter\u00a0\u00bb bg_position_horizontal=\u00a0\u00bbcenter\u00a0\u00bb padding_top=\u00a0\u00bb0&Prime; padding_bottom=\u00a0\u00bb0&Prime; padding_left=\u00a0\u00bb0&Prime; padding_right=\u00a0\u00bb0&Prime; visibility=\u00a0\u00bbhidden-xs\u00a0\u00bb bg_image=\u00a0\u00bb287&Prime;][vc_column][vc_custom_heading text=\u00a0\u00bbINTERPR\u00c9TATION\u00a0\u00bb font_container=\u00a0\u00bbtag:h1|font_size:45px|text_align:center|color:%23ffffff|line_height:50px\u00a0\u00bb google_fonts=\u00a0\u00bbfont_family:Montserrat%3Aregular%2C700|font_style:700%20bold%20regular%3A700%3Anormal\u00a0\u00bb letter_spacing=\u00a0\u00bb50&Prime;][\/vc_column][\/vc_row][vc_row content_placement=\u00a0\u00bbmiddle\u00a0\u00bb text_align=\u00a0\u00bbcenter\u00a0\u00bb type=\u00a0\u00bbimage\u00a0\u00bb bg_position=\u00a0\u00bbcenter\u00a0\u00bb bg_position_horizontal=\u00a0\u00bbcenter\u00a0\u00bb padding_top=\u00a0\u00bb0&Prime; padding_bottom=\u00a0\u00bb0&Prime; padding_left=\u00a0\u00bb0&Prime; padding_right=\u00a0\u00bb0&Prime; visibility=\u00a0\u00bbhidden-sm,hidden-md,hidden-lg,hidden-xlg\u00a0\u00bb bg_image=\u00a0\u00bb287&Prime;][vc_column][vc_custom_heading text=\u00a0\u00bbINTERPR\u00c9TATION\u00a0\u00bb font_container=\u00a0\u00bbtag:h1|font_size:25px|text_align:center|color:%23ffffff|line_height:30px\u00a0\u00bb google_fonts=\u00a0\u00bbfont_family:Montserrat%3Aregular%2C700|font_style:700%20bold%20regular%3A700%3Anormal\u00a0\u00bb letter_spacing=\u00a0\u00bb50&Prime;][\/vc_column][\/vc_row][vc_row type=\u00a0\u00bbcolor\u00a0\u00bb bg_color=\u00a0\u00bb#f8f8f8&Prime; column_gap=\u00a0\u00bbno\u00a0\u00bb padding_top=\u00a0\u00bb0&Prime; padding_bottom=\u00a0\u00bb0&Prime; visibility=\u00a0\u00bbhidden-xs\u00a0\u00bb][vc_column z_index=\u00a0\u00bb10&Prime; css=\u00a0\u00bb.vc_custom_1454348779620{margin-top: -40px !important;background-color: #ffffff !important;}\u00a0\u00bb offset=\u00a0\u00bbvc_col-lg-offset-1 vc_col-lg-10 vc_col-md-offset-1 vc_col-md-10 vc_col-xs-12&Prime;][vc_row_inner equal_height=\u00a0\u00bbyes\u00a0\u00bb content_placement=\u00a0\u00bbmiddle\u00a0\u00bb css=\u00a0\u00bb.vc_custom_1612602111275{margin-right: 0px !important;margin-bottom: 0px !important;margin-left: 0px !important;}\u00a0\u00bb][vc_column_inner width=\u00a0\u00bb1\/2&Prime; offset=\u00a0\u00bbvc_col-lg-4 vc_col-md-4 [&hellip;]<\/p>\n","protected":false},"author":1,"featured_media":0,"parent":0,"menu_order":0,"comment_status":"closed","ping_status":"closed","template":"page-templates\/full-width.php","meta":{"footnotes":""},"class_list":["post-603","page","type-page","status-publish","hentry"],"yoast_head":"<!-- This site is optimized with the Yoast SEO plugin v19.13 - https:\/\/yoast.com\/wordpress\/plugins\/seo\/ -->\n<title>Interpr\u00e9tation \u00e0 Alicante | Verbalia traducciones e interpretaciones<\/title>\n<meta name=\"description\" content=\"Verbalia traducciones e interpretaciones te ofrece los mejores servicios en interpretaciones con los mejores profesionales\" \/>\n<meta name=\"robots\" content=\"index, follow, max-snippet:-1, max-image-preview:large, max-video-preview:-1\" \/>\n<link rel=\"canonical\" href=\"https:\/\/verbaliatraducciones.com\/fr\/interpretation\/\" \/>\n<meta property=\"og:locale\" content=\"fr_FR\" \/>\n<meta property=\"og:type\" content=\"article\" \/>\n<meta property=\"og:title\" content=\"Interpr\u00e9tation \u00e0 Alicante | Verbalia traducciones e interpretaciones\" \/>\n<meta property=\"og:description\" content=\"Verbalia traducciones e interpretaciones te ofrece los mejores servicios en interpretaciones con los mejores profesionales\" \/>\n<meta property=\"og:url\" content=\"https:\/\/verbaliatraducciones.com\/fr\/interpretation\/\" \/>\n<meta property=\"og:site_name\" content=\"Verbalia Traducciones\" \/>\n<meta property=\"article:modified_time\" content=\"2021-03-24T20:02:47+00:00\" \/>\n<meta name=\"twitter:card\" content=\"summary_large_image\" \/>\n<meta name=\"twitter:label1\" content=\"Dur\u00e9e de lecture estim\u00e9e\" \/>\n\t<meta name=\"twitter:data1\" content=\"3 minutes\" \/>\n<script type=\"application\/ld+json\" class=\"yoast-schema-graph\">{\"@context\":\"https:\/\/schema.org\",\"@graph\":[{\"@type\":\"WebPage\",\"@id\":\"https:\/\/verbaliatraducciones.com\/fr\/interpretation\/\",\"url\":\"https:\/\/verbaliatraducciones.com\/fr\/interpretation\/\",\"name\":\"Interpr\u00e9tation \u00e0 Alicante | Verbalia traducciones e interpretaciones\",\"isPartOf\":{\"@id\":\"https:\/\/verbaliatraducciones.com\/#website\"},\"datePublished\":\"2021-02-17T17:39:54+00:00\",\"dateModified\":\"2021-03-24T20:02:47+00:00\",\"description\":\"Verbalia traducciones e interpretaciones te ofrece los mejores servicios en interpretaciones con los mejores profesionales\",\"breadcrumb\":{\"@id\":\"https:\/\/verbaliatraducciones.com\/fr\/interpretation\/#breadcrumb\"},\"inLanguage\":\"fr-FR\",\"potentialAction\":[{\"@type\":\"ReadAction\",\"target\":[\"https:\/\/verbaliatraducciones.com\/fr\/interpretation\/\"]}]},{\"@type\":\"BreadcrumbList\",\"@id\":\"https:\/\/verbaliatraducciones.com\/fr\/interpretation\/#breadcrumb\",\"itemListElement\":[{\"@type\":\"ListItem\",\"position\":1,\"name\":\"Home\",\"item\":\"https:\/\/verbaliatraducciones.com\/fr\/\"},{\"@type\":\"ListItem\",\"position\":2,\"name\":\"Interpr\u00e9tation\"}]},{\"@type\":\"WebSite\",\"@id\":\"https:\/\/verbaliatraducciones.com\/#website\",\"url\":\"https:\/\/verbaliatraducciones.com\/\",\"name\":\"Verbalia Traducciones\",\"description\":\"Just another WordPress site\",\"publisher\":{\"@id\":\"https:\/\/verbaliatraducciones.com\/#organization\"},\"potentialAction\":[{\"@type\":\"SearchAction\",\"target\":{\"@type\":\"EntryPoint\",\"urlTemplate\":\"https:\/\/verbaliatraducciones.com\/?s={search_term_string}\"},\"query-input\":\"required name=search_term_string\"}],\"inLanguage\":\"fr-FR\"},{\"@type\":\"Organization\",\"@id\":\"https:\/\/verbaliatraducciones.com\/#organization\",\"name\":\"Verbalia Traducciones\",\"url\":\"https:\/\/verbaliatraducciones.com\/\",\"logo\":{\"@type\":\"ImageObject\",\"inLanguage\":\"fr-FR\",\"@id\":\"https:\/\/verbaliatraducciones.com\/#\/schema\/logo\/image\/\",\"url\":\"https:\/\/verbaliatraducciones.com\/wp-content\/uploads\/2021\/02\/logo-1.png\",\"contentUrl\":\"https:\/\/verbaliatraducciones.com\/wp-content\/uploads\/2021\/02\/logo-1.png\",\"width\":300,\"height\":100,\"caption\":\"Verbalia Traducciones\"},\"image\":{\"@id\":\"https:\/\/verbaliatraducciones.com\/#\/schema\/logo\/image\/\"}}]}<\/script>\n<!-- \/ Yoast SEO plugin. -->","yoast_head_json":{"title":"Interpr\u00e9tation \u00e0 Alicante | Verbalia traducciones e interpretaciones","description":"Verbalia traducciones e interpretaciones te ofrece los mejores servicios en interpretaciones con los mejores profesionales","robots":{"index":"index","follow":"follow","max-snippet":"max-snippet:-1","max-image-preview":"max-image-preview:large","max-video-preview":"max-video-preview:-1"},"canonical":"https:\/\/verbaliatraducciones.com\/fr\/interpretation\/","og_locale":"fr_FR","og_type":"article","og_title":"Interpr\u00e9tation \u00e0 Alicante | Verbalia traducciones e interpretaciones","og_description":"Verbalia traducciones e interpretaciones te ofrece los mejores servicios en interpretaciones con los mejores profesionales","og_url":"https:\/\/verbaliatraducciones.com\/fr\/interpretation\/","og_site_name":"Verbalia Traducciones","article_modified_time":"2021-03-24T20:02:47+00:00","twitter_card":"summary_large_image","twitter_misc":{"Dur\u00e9e de lecture estim\u00e9e":"3 minutes"},"schema":{"@context":"https:\/\/schema.org","@graph":[{"@type":"WebPage","@id":"https:\/\/verbaliatraducciones.com\/fr\/interpretation\/","url":"https:\/\/verbaliatraducciones.com\/fr\/interpretation\/","name":"Interpr\u00e9tation \u00e0 Alicante | Verbalia traducciones e interpretaciones","isPartOf":{"@id":"https:\/\/verbaliatraducciones.com\/#website"},"datePublished":"2021-02-17T17:39:54+00:00","dateModified":"2021-03-24T20:02:47+00:00","description":"Verbalia traducciones e interpretaciones te ofrece los mejores servicios en interpretaciones con los mejores profesionales","breadcrumb":{"@id":"https:\/\/verbaliatraducciones.com\/fr\/interpretation\/#breadcrumb"},"inLanguage":"fr-FR","potentialAction":[{"@type":"ReadAction","target":["https:\/\/verbaliatraducciones.com\/fr\/interpretation\/"]}]},{"@type":"BreadcrumbList","@id":"https:\/\/verbaliatraducciones.com\/fr\/interpretation\/#breadcrumb","itemListElement":[{"@type":"ListItem","position":1,"name":"Home","item":"https:\/\/verbaliatraducciones.com\/fr\/"},{"@type":"ListItem","position":2,"name":"Interpr\u00e9tation"}]},{"@type":"WebSite","@id":"https:\/\/verbaliatraducciones.com\/#website","url":"https:\/\/verbaliatraducciones.com\/","name":"Verbalia Traducciones","description":"Just another WordPress site","publisher":{"@id":"https:\/\/verbaliatraducciones.com\/#organization"},"potentialAction":[{"@type":"SearchAction","target":{"@type":"EntryPoint","urlTemplate":"https:\/\/verbaliatraducciones.com\/?s={search_term_string}"},"query-input":"required name=search_term_string"}],"inLanguage":"fr-FR"},{"@type":"Organization","@id":"https:\/\/verbaliatraducciones.com\/#organization","name":"Verbalia Traducciones","url":"https:\/\/verbaliatraducciones.com\/","logo":{"@type":"ImageObject","inLanguage":"fr-FR","@id":"https:\/\/verbaliatraducciones.com\/#\/schema\/logo\/image\/","url":"https:\/\/verbaliatraducciones.com\/wp-content\/uploads\/2021\/02\/logo-1.png","contentUrl":"https:\/\/verbaliatraducciones.com\/wp-content\/uploads\/2021\/02\/logo-1.png","width":300,"height":100,"caption":"Verbalia Traducciones"},"image":{"@id":"https:\/\/verbaliatraducciones.com\/#\/schema\/logo\/image\/"}}]}},"_links":{"self":[{"href":"https:\/\/verbaliatraducciones.com\/fr\/wp-json\/wp\/v2\/pages\/603","targetHints":{"allow":["GET"]}}],"collection":[{"href":"https:\/\/verbaliatraducciones.com\/fr\/wp-json\/wp\/v2\/pages"}],"about":[{"href":"https:\/\/verbaliatraducciones.com\/fr\/wp-json\/wp\/v2\/types\/page"}],"author":[{"embeddable":true,"href":"https:\/\/verbaliatraducciones.com\/fr\/wp-json\/wp\/v2\/users\/1"}],"replies":[{"embeddable":true,"href":"https:\/\/verbaliatraducciones.com\/fr\/wp-json\/wp\/v2\/comments?post=603"}],"version-history":[{"count":7,"href":"https:\/\/verbaliatraducciones.com\/fr\/wp-json\/wp\/v2\/pages\/603\/revisions"}],"predecessor-version":[{"id":877,"href":"https:\/\/verbaliatraducciones.com\/fr\/wp-json\/wp\/v2\/pages\/603\/revisions\/877"}],"wp:attachment":[{"href":"https:\/\/verbaliatraducciones.com\/fr\/wp-json\/wp\/v2\/media?parent=603"}],"curies":[{"name":"wp","href":"https:\/\/api.w.org\/{rel}","templated":true}]}}