{"id":636,"date":"2021-02-17T17:38:34","date_gmt":"2021-02-17T17:38:34","guid":{"rendered":"https:\/\/verbaliatraducciones.com\/traduccion-jurada\/"},"modified":"2021-03-24T19:22:42","modified_gmt":"2021-03-24T19:22:42","slug":"traduction-assermentee","status":"publish","type":"page","link":"https:\/\/verbaliatraducciones.com\/fr\/traduction-assermentee\/","title":{"rendered":"Traduction asserment\u00e9e"},"content":{"rendered":"<p>[vc_row content_placement=\u00a0\u00bbmiddle\u00a0\u00bb text_align=\u00a0\u00bbcenter\u00a0\u00bb type=\u00a0\u00bbimage\u00a0\u00bb bg_position=\u00a0\u00bbcenter\u00a0\u00bb bg_position_horizontal=\u00a0\u00bbcenter\u00a0\u00bb padding_top=\u00a0\u00bb0&Prime; padding_bottom=\u00a0\u00bb0&Prime; padding_left=\u00a0\u00bb0&Prime; padding_right=\u00a0\u00bb0&Prime; visibility=\u00a0\u00bbhidden-xs\u00a0\u00bb bg_image=\u00a0\u00bb279&Prime;][vc_column]<div  class=\"kleo-gap\" style=\"height:175px;line-height:175px;\"><\/div>[vc_custom_heading text=\u00a0\u00bbTRADUCTION ASSERMENT\u00c9E\u00a0\u00bb font_container=\u00a0\u00bbtag:h1|font_size:45px|text_align:center|color:%23ffffff|line_height:50px\u00a0\u00bb google_fonts=\u00a0\u00bbfont_family:Montserrat%3Aregular%2C700|font_style:700%20bold%20regular%3A700%3Anormal\u00a0\u00bb letter_spacing=\u00a0\u00bb50&Prime;]<div  class=\"kleo-gap\" style=\"height:175px;line-height:175px;\"><\/div>[\/vc_column][\/vc_row][vc_row content_placement=\u00a0\u00bbmiddle\u00a0\u00bb text_align=\u00a0\u00bbcenter\u00a0\u00bb type=\u00a0\u00bbimage\u00a0\u00bb bg_position=\u00a0\u00bbcenter\u00a0\u00bb bg_position_horizontal=\u00a0\u00bbcenter\u00a0\u00bb padding_top=\u00a0\u00bb0&Prime; padding_bottom=\u00a0\u00bb0&Prime; padding_left=\u00a0\u00bb0&Prime; padding_right=\u00a0\u00bb0&Prime; visibility=\u00a0\u00bbhidden-sm,hidden-md,hidden-lg,hidden-xlg\u00a0\u00bb bg_image=\u00a0\u00bb279&Prime;][vc_column]<div  class=\"kleo-gap\" style=\"height:75px;line-height:75px;\"><\/div>[vc_custom_heading text=\u00a0\u00bbTRADUCTION ASSERMENT\u00c9E\u00a0\u00bb font_container=\u00a0\u00bbtag:h1|font_size:25px|text_align:center|color:%23ffffff|line_height:30px\u00a0\u00bb google_fonts=\u00a0\u00bbfont_family:Montserrat%3Aregular%2C700|font_style:700%20bold%20regular%3A700%3Anormal\u00a0\u00bb letter_spacing=\u00a0\u00bb50&Prime;]<div  class=\"kleo-gap\" style=\"height:75px;line-height:75px;\"><\/div>[\/vc_column][\/vc_row][vc_row type=\u00a0\u00bbcolor\u00a0\u00bb bg_color=\u00a0\u00bb#f8f8f8&Prime; column_gap=\u00a0\u00bbno\u00a0\u00bb padding_top=\u00a0\u00bb0&Prime; padding_bottom=\u00a0\u00bb0&Prime; visibility=\u00a0\u00bbhidden-xs\u00a0\u00bb][vc_column z_index=\u00a0\u00bb10&Prime; css=\u00a0\u00bb.vc_custom_1454348779620{margin-top: -40px !important;background-color: #ffffff !important;}\u00a0\u00bb offset=\u00a0\u00bbvc_col-lg-offset-1 vc_col-lg-10 vc_col-md-offset-1 vc_col-md-10 vc_col-xs-12&Prime;][vc_row_inner equal_height=\u00a0\u00bbyes\u00a0\u00bb content_placement=\u00a0\u00bbmiddle\u00a0\u00bb css=\u00a0\u00bb.vc_custom_1612602111275{margin-right: 0px !important;margin-bottom: 0px !important;margin-left: 0px !important;}\u00a0\u00bb][vc_column_inner width=\u00a0\u00bb1\/2&Prime; offset=\u00a0\u00bbvc_col-lg-4 vc_col-md-4 vc_col-xs-12&Prime; css=\u00a0\u00bb.vc_custom_1613746832907{padding-right: 0px !important;padding-left: 0px !important;background-image: url(https:\/\/verbaliatraducciones.com\/wp-content\/uploads\/2021\/02\/traducciones-juradas.jpg?id=281) !important;background-position: center !important;background-repeat: no-repeat !important;background-size: cover !important;}\u00a0\u00bb]<div  class=\"kleo-gap\" style=\"height:200px;line-height:200px;\"><\/div>[\/vc_column_inner][vc_column_inner width=\u00a0\u00bb1\/2&Prime; offset=\u00a0\u00bbvc_col-lg-8 vc_col-md-8 vc_col-xs-12&Prime; css=\u00a0\u00bb.vc_custom_1448622918786{padding-right: 0px !important;padding-left: 0px !important;}\u00a0\u00bb]<div  class=\"kleo-gap\" style=\"height:20px;line-height:20px;\"><\/div>[vc_custom_heading text=\u00a0\u00bbQu\u2019est-ce qu\u2019une traduction asserment\u00e9e et quel est le r\u00f4le du traducteur asserment\u00e9?\u00a0\u00bb font_container=\u00a0\u00bbtag:h2|font_size:30|text_align:center|color:%23efb108&Prime; use_theme_fonts=\u00a0\u00bbyes\u00a0\u00bb][vc_column_text css=\u00a0\u00bb.vc_custom_1616613754698{padding-right: 40px !important;padding-left: 40px !important;}\u00a0\u00bb]La traduction asserment\u00e9e est exig\u00e9e par les organismes officiels (Tribunaux, Consulats, Universit\u00e9s, etc.).<\/p>\n<p>Le traducteur asserment\u00e9 est capable de rendre officiels des documents gr\u00e2ce au dipl\u00f4me qu\u2019il a obtenu aupr\u00e8s du Minist\u00e8re des affaires \u00e9trang\u00e8res.<br \/>\nSi vous devez pr\u00e9senter un dipl\u00f4me dans une entreprise ou un extrait de casier judiciaire, il sera n\u00e9cessaire que la traduction soit effectu\u00e9e par un traducteur asserment\u00e9.<br \/>\nDans ces cas-l\u00e0, une simple traduction n\u2019est pas suffisante et il faudra avoir recours \u00e0 un traducteur asserment\u00e9 afin qu\u2019il signe et appose son cachet sur le document en question.<\/p>\n<p>Consultez nos tarifs, nous vous ferons parvenir un devis dans les plus brefs d\u00e9lais.<\/p>\n<p>Si vous \u00eates int\u00e9ress\u00e9s par d\u2019autres services, dans notre <a title=\"Agence de traduction et d'interpr\u00e9tation \u00e0 Alicante\" href=\"https:\/\/verbaliatraducciones.com\/fr\/\" target=\"_blank\" rel=\"noopener\">agence de traduction et interpr\u00e9tation<\/a>, nous sommes \u00e9galement experts en <a title=\"Interpr\u00e9tation\" href=\"https:\/\/verbaliatraducciones.com\/fr\/interpr\u00e9tation\/\" target=\"_blank\" rel=\"noopener\">interpr\u00e9tation<\/a>\u00a0et autres travaux de traduction que notre \u00e9quipe de <a title=\"traducteurs et interpr\u00e8tes\" href=\"https:\/\/verbaliatraducciones.com\/fr\/traducteurs-et-interpr\u00e8tes\/\" target=\"_blank\" rel=\"noopener\">traducteurs et interpr\u00e8tes<\/a>\u00a0effectuera dans les meilleurs d\u00e9lais possibles et avec une qualit\u00e9 optimale.[\/vc_column_text]<div  class=\"kleo-gap\" style=\"height:20px;line-height:20px;\"><\/div><style>#btn_69f2c2f6a9ba5:hover {background-color: rgba(239,177,8,0.74) !important;}<\/style><div class=\"text-center\"><a class=\"btn btn-custom btn-lg\" href=\"https:\/\/verbaliatraducciones.com\/fr\/contact\/\" style=\"background-color: #efb108;color: #000000;\"id=\"btn_69f2c2f6a9ba5\">DEMANDEZ UN DEVIS SANS ENGAGEMENT<\/a><\/div><div  class=\"kleo-gap\" style=\"height:20px;line-height:20px;\"><\/div>[\/vc_column_inner][\/vc_row_inner][\/vc_column][\/vc_row][vc_row type=\u00a0\u00bbcolor\u00a0\u00bb bg_color=\u00a0\u00bb#f8f8f8&Prime; column_gap=\u00a0\u00bbno\u00a0\u00bb padding_top=\u00a0\u00bb0&Prime; padding_bottom=\u00a0\u00bb0&Prime; visibility=\u00a0\u00bbhidden-sm,hidden-md,hidden-lg,hidden-xlg\u00a0\u00bb][vc_column z_index=\u00a0\u00bb10&Prime; css=\u00a0\u00bb.vc_custom_1454348779620{margin-top: -40px !important;background-color: #ffffff !important;}\u00a0\u00bb offset=\u00a0\u00bbvc_col-lg-offset-1 vc_col-lg-10 vc_col-md-offset-1 vc_col-md-10 vc_col-xs-12&Prime;][vc_row_inner][vc_column_inner][vc_custom_heading text=\u00a0\u00bbQu\u2019est-ce qu\u2019une traduction asserment\u00e9e et quel est le r\u00f4le du traducteur asserment\u00e9?\u00a0\u00bb font_container=\u00a0\u00bbtag:h2|font_size:30|text_align:center|color:%23efb108&Prime; use_theme_fonts=\u00a0\u00bbyes\u00a0\u00bb css=\u00a0\u00bb.vc_custom_1616438175242{padding-right: 20px !important;padding-left: 20px !important;}\u00a0\u00bb]<div  class=\"kleo-gap\" style=\"height:20px;line-height:20px;\"><\/div>[vc_column_text css=\u00a0\u00bb.vc_custom_1616438235228{padding-right: 40px !important;padding-left: 40px !important;}\u00a0\u00bb]La traduction asserment\u00e9e est exig\u00e9e par les organismes officiels (Tribunaux, Consulats, Universit\u00e9s, etc.).<\/p>\n<p>Le traducteur asserment\u00e9 est capable de rendre officiels des documents gr\u00e2ce au dipl\u00f4me qu\u2019il a obtenu aupr\u00e8s du Minist\u00e8re des affaires \u00e9trang\u00e8res.<br \/>\nSi vous devez pr\u00e9senter un dipl\u00f4me dans une entreprise ou un extrait de casier judiciaire, il sera n\u00e9cessaire que la traduction soit effectu\u00e9e par un traducteur asserment\u00e9.<br \/>\nDans ces cas-l\u00e0, une simple traduction n\u2019est pas suffisante et il faudra avoir recours \u00e0 un traducteur asserment\u00e9 afin qu\u2019il signe et appose son cachet sur le document en question.<\/p>\n<p>Consultez nos tarifs, nous vous ferons parvenir un devis dans les plus brefs d\u00e9lais.<\/p>\n<p>Si vous \u00eates int\u00e9ress\u00e9s par d\u2019autres services, dans notre <a title=\"Agencia de Traducci\u00f3n e Interpretaci\u00f3n en Alicante\" href=\"https:\/\/verbaliatraducciones.com\/fr\/\" target=\"_blank\" rel=\"noopener\">agence de traduction et interpr\u00e9tation<\/a>, nous sommes \u00e9galement experts en <a title=\"Interpretaci\u00f3n\" href=\"https:\/\/verbaliatraducciones.com\/fr\/interpr\u00e9tation\/\" target=\"_blank\" rel=\"noopener\">interpr\u00e9tation<\/a>\u00a0et autres travaux de traduction que notre \u00e9quipe de <a title=\"traducteurs et interpr\u00e8tes\" href=\"https:\/\/verbaliatraducciones.com\/fr\/traducteurs-et-interpr\u00e8tes \/\" target=\"_blank\" rel=\"noopener\">traducteurs et interpr\u00e8tes <\/a>\u00a0effectuera dans les meilleurs d\u00e9lais possibles et avec une qualit\u00e9 optimale.[\/vc_column_text]<style>#btn_69f2c2f6aa00e:hover {background-color: rgba(239,177,8,0.74) !important;}<\/style><div class=\"text-center\"><a class=\"btn btn-custom btn-sm\" href=\"https:\/\/verbaliatraducciones.com\/fr\/contact\/\" style=\"background-color: #efb108;color: #000000;\"id=\"btn_69f2c2f6aa00e\">DEMANDEZ UN DEVIS SANS ENGAGEMENT<\/a><\/div><div  class=\"kleo-gap\" style=\"height:20px;line-height:20px;\"><\/div>[\/vc_column_inner][\/vc_row_inner][\/vc_column][\/vc_row][vc_row text_align=\u00a0\u00bbcenter\u00a0\u00bb type=\u00a0\u00bbimage\u00a0\u00bb bg_position=\u00a0\u00bbcenter\u00a0\u00bb bg_position_horizontal=\u00a0\u00bbcenter\u00a0\u00bb enable_parallax=\u00a0\u00bbfalse\u00a0\u00bb parallax_speed=\u00a0\u00bb0.3&Prime; column_gap=\u00a0\u00bbno\u00a0\u00bb padding_top=\u00a0\u00bb\u00a0\u00bb padding_bottom=\u00a0\u00bb\u00a0\u00bb margin_top=\u00a0\u00bb-40px\u00a0\u00bb bg_image=\u00a0\u00bb85&Prime;][vc_column]<div  class=\"kleo-gap\" style=\"height:200px;line-height:200px;\"><\/div>[\/vc_column][\/vc_row]<\/p>\n","protected":false},"excerpt":{"rendered":"<p>[vc_row content_placement=\u00a0\u00bbmiddle\u00a0\u00bb text_align=\u00a0\u00bbcenter\u00a0\u00bb type=\u00a0\u00bbimage\u00a0\u00bb bg_position=\u00a0\u00bbcenter\u00a0\u00bb bg_position_horizontal=\u00a0\u00bbcenter\u00a0\u00bb padding_top=\u00a0\u00bb0&Prime; padding_bottom=\u00a0\u00bb0&Prime; padding_left=\u00a0\u00bb0&Prime; padding_right=\u00a0\u00bb0&Prime; visibility=\u00a0\u00bbhidden-xs\u00a0\u00bb bg_image=\u00a0\u00bb279&Prime;][vc_column][vc_custom_heading text=\u00a0\u00bbTRADUCTION ASSERMENT\u00c9E\u00a0\u00bb font_container=\u00a0\u00bbtag:h1|font_size:45px|text_align:center|color:%23ffffff|line_height:50px\u00a0\u00bb google_fonts=\u00a0\u00bbfont_family:Montserrat%3Aregular%2C700|font_style:700%20bold%20regular%3A700%3Anormal\u00a0\u00bb letter_spacing=\u00a0\u00bb50&Prime;][\/vc_column][\/vc_row][vc_row content_placement=\u00a0\u00bbmiddle\u00a0\u00bb text_align=\u00a0\u00bbcenter\u00a0\u00bb type=\u00a0\u00bbimage\u00a0\u00bb bg_position=\u00a0\u00bbcenter\u00a0\u00bb bg_position_horizontal=\u00a0\u00bbcenter\u00a0\u00bb padding_top=\u00a0\u00bb0&Prime; padding_bottom=\u00a0\u00bb0&Prime; padding_left=\u00a0\u00bb0&Prime; padding_right=\u00a0\u00bb0&Prime; visibility=\u00a0\u00bbhidden-sm,hidden-md,hidden-lg,hidden-xlg\u00a0\u00bb bg_image=\u00a0\u00bb279&Prime;][vc_column][vc_custom_heading text=\u00a0\u00bbTRADUCTION ASSERMENT\u00c9E\u00a0\u00bb font_container=\u00a0\u00bbtag:h1|font_size:25px|text_align:center|color:%23ffffff|line_height:30px\u00a0\u00bb google_fonts=\u00a0\u00bbfont_family:Montserrat%3Aregular%2C700|font_style:700%20bold%20regular%3A700%3Anormal\u00a0\u00bb letter_spacing=\u00a0\u00bb50&Prime;][\/vc_column][\/vc_row][vc_row type=\u00a0\u00bbcolor\u00a0\u00bb bg_color=\u00a0\u00bb#f8f8f8&Prime; column_gap=\u00a0\u00bbno\u00a0\u00bb padding_top=\u00a0\u00bb0&Prime; padding_bottom=\u00a0\u00bb0&Prime; visibility=\u00a0\u00bbhidden-xs\u00a0\u00bb][vc_column z_index=\u00a0\u00bb10&Prime; css=\u00a0\u00bb.vc_custom_1454348779620{margin-top: -40px !important;background-color: #ffffff !important;}\u00a0\u00bb offset=\u00a0\u00bbvc_col-lg-offset-1 vc_col-lg-10 vc_col-md-offset-1 vc_col-md-10 vc_col-xs-12&Prime;][vc_row_inner equal_height=\u00a0\u00bbyes\u00a0\u00bb content_placement=\u00a0\u00bbmiddle\u00a0\u00bb css=\u00a0\u00bb.vc_custom_1612602111275{margin-right: 0px !important;margin-bottom: 0px !important;margin-left: 0px !important;}\u00a0\u00bb][vc_column_inner width=\u00a0\u00bb1\/2&Prime; [&hellip;]<\/p>\n","protected":false},"author":1,"featured_media":0,"parent":0,"menu_order":0,"comment_status":"closed","ping_status":"closed","template":"page-templates\/full-width.php","meta":{"footnotes":""},"class_list":["post-636","page","type-page","status-publish","hentry"],"yoast_head":"<!-- This site is optimized with the Yoast SEO plugin v19.13 - https:\/\/yoast.com\/wordpress\/plugins\/seo\/ -->\n<title>Traduction asserment\u00e9e | Verbalia traducciones e interpretaciones<\/title>\n<meta name=\"description\" content=\"Verbalia traducciones te ofrece las traducciones juradas m\u00e1s profesionales con traductores nativos en toda Espa\u00f1a\" \/>\n<meta name=\"robots\" content=\"index, follow, max-snippet:-1, max-image-preview:large, max-video-preview:-1\" \/>\n<link rel=\"canonical\" href=\"https:\/\/verbaliatraducciones.com\/fr\/traduction-assermentee\/\" \/>\n<meta property=\"og:locale\" content=\"fr_FR\" \/>\n<meta property=\"og:type\" content=\"article\" \/>\n<meta property=\"og:title\" content=\"Traduction asserment\u00e9e | Verbalia traducciones e interpretaciones\" \/>\n<meta property=\"og:description\" content=\"Verbalia traducciones te ofrece las traducciones juradas m\u00e1s profesionales con traductores nativos en toda Espa\u00f1a\" \/>\n<meta property=\"og:url\" content=\"https:\/\/verbaliatraducciones.com\/fr\/traduction-assermentee\/\" \/>\n<meta property=\"og:site_name\" content=\"Verbalia Traducciones\" \/>\n<meta property=\"article:modified_time\" content=\"2021-03-24T19:22:42+00:00\" \/>\n<meta name=\"twitter:card\" content=\"summary_large_image\" \/>\n<meta name=\"twitter:label1\" content=\"Dur\u00e9e de lecture estim\u00e9e\" \/>\n\t<meta name=\"twitter:data1\" content=\"3 minutes\" \/>\n<script type=\"application\/ld+json\" class=\"yoast-schema-graph\">{\"@context\":\"https:\/\/schema.org\",\"@graph\":[{\"@type\":\"WebPage\",\"@id\":\"https:\/\/verbaliatraducciones.com\/fr\/traduction-assermentee\/\",\"url\":\"https:\/\/verbaliatraducciones.com\/fr\/traduction-assermentee\/\",\"name\":\"Traduction asserment\u00e9e | Verbalia traducciones e interpretaciones\",\"isPartOf\":{\"@id\":\"https:\/\/verbaliatraducciones.com\/#website\"},\"datePublished\":\"2021-02-17T17:38:34+00:00\",\"dateModified\":\"2021-03-24T19:22:42+00:00\",\"description\":\"Verbalia traducciones te ofrece las traducciones juradas m\u00e1s profesionales con traductores nativos en toda Espa\u00f1a\",\"breadcrumb\":{\"@id\":\"https:\/\/verbaliatraducciones.com\/fr\/traduction-assermentee\/#breadcrumb\"},\"inLanguage\":\"fr-FR\",\"potentialAction\":[{\"@type\":\"ReadAction\",\"target\":[\"https:\/\/verbaliatraducciones.com\/fr\/traduction-assermentee\/\"]}]},{\"@type\":\"BreadcrumbList\",\"@id\":\"https:\/\/verbaliatraducciones.com\/fr\/traduction-assermentee\/#breadcrumb\",\"itemListElement\":[{\"@type\":\"ListItem\",\"position\":1,\"name\":\"Home\",\"item\":\"https:\/\/verbaliatraducciones.com\/fr\/\"},{\"@type\":\"ListItem\",\"position\":2,\"name\":\"Traduction asserment\u00e9e\"}]},{\"@type\":\"WebSite\",\"@id\":\"https:\/\/verbaliatraducciones.com\/#website\",\"url\":\"https:\/\/verbaliatraducciones.com\/\",\"name\":\"Verbalia Traducciones\",\"description\":\"Just another WordPress site\",\"publisher\":{\"@id\":\"https:\/\/verbaliatraducciones.com\/#organization\"},\"potentialAction\":[{\"@type\":\"SearchAction\",\"target\":{\"@type\":\"EntryPoint\",\"urlTemplate\":\"https:\/\/verbaliatraducciones.com\/?s={search_term_string}\"},\"query-input\":\"required name=search_term_string\"}],\"inLanguage\":\"fr-FR\"},{\"@type\":\"Organization\",\"@id\":\"https:\/\/verbaliatraducciones.com\/#organization\",\"name\":\"Verbalia Traducciones\",\"url\":\"https:\/\/verbaliatraducciones.com\/\",\"logo\":{\"@type\":\"ImageObject\",\"inLanguage\":\"fr-FR\",\"@id\":\"https:\/\/verbaliatraducciones.com\/#\/schema\/logo\/image\/\",\"url\":\"https:\/\/verbaliatraducciones.com\/wp-content\/uploads\/2021\/02\/logo-1.png\",\"contentUrl\":\"https:\/\/verbaliatraducciones.com\/wp-content\/uploads\/2021\/02\/logo-1.png\",\"width\":300,\"height\":100,\"caption\":\"Verbalia Traducciones\"},\"image\":{\"@id\":\"https:\/\/verbaliatraducciones.com\/#\/schema\/logo\/image\/\"}}]}<\/script>\n<!-- \/ Yoast SEO plugin. -->","yoast_head_json":{"title":"Traduction asserment\u00e9e | Verbalia traducciones e interpretaciones","description":"Verbalia traducciones te ofrece las traducciones juradas m\u00e1s profesionales con traductores nativos en toda Espa\u00f1a","robots":{"index":"index","follow":"follow","max-snippet":"max-snippet:-1","max-image-preview":"max-image-preview:large","max-video-preview":"max-video-preview:-1"},"canonical":"https:\/\/verbaliatraducciones.com\/fr\/traduction-assermentee\/","og_locale":"fr_FR","og_type":"article","og_title":"Traduction asserment\u00e9e | Verbalia traducciones e interpretaciones","og_description":"Verbalia traducciones te ofrece las traducciones juradas m\u00e1s profesionales con traductores nativos en toda Espa\u00f1a","og_url":"https:\/\/verbaliatraducciones.com\/fr\/traduction-assermentee\/","og_site_name":"Verbalia Traducciones","article_modified_time":"2021-03-24T19:22:42+00:00","twitter_card":"summary_large_image","twitter_misc":{"Dur\u00e9e de lecture estim\u00e9e":"3 minutes"},"schema":{"@context":"https:\/\/schema.org","@graph":[{"@type":"WebPage","@id":"https:\/\/verbaliatraducciones.com\/fr\/traduction-assermentee\/","url":"https:\/\/verbaliatraducciones.com\/fr\/traduction-assermentee\/","name":"Traduction asserment\u00e9e | Verbalia traducciones e interpretaciones","isPartOf":{"@id":"https:\/\/verbaliatraducciones.com\/#website"},"datePublished":"2021-02-17T17:38:34+00:00","dateModified":"2021-03-24T19:22:42+00:00","description":"Verbalia traducciones te ofrece las traducciones juradas m\u00e1s profesionales con traductores nativos en toda Espa\u00f1a","breadcrumb":{"@id":"https:\/\/verbaliatraducciones.com\/fr\/traduction-assermentee\/#breadcrumb"},"inLanguage":"fr-FR","potentialAction":[{"@type":"ReadAction","target":["https:\/\/verbaliatraducciones.com\/fr\/traduction-assermentee\/"]}]},{"@type":"BreadcrumbList","@id":"https:\/\/verbaliatraducciones.com\/fr\/traduction-assermentee\/#breadcrumb","itemListElement":[{"@type":"ListItem","position":1,"name":"Home","item":"https:\/\/verbaliatraducciones.com\/fr\/"},{"@type":"ListItem","position":2,"name":"Traduction asserment\u00e9e"}]},{"@type":"WebSite","@id":"https:\/\/verbaliatraducciones.com\/#website","url":"https:\/\/verbaliatraducciones.com\/","name":"Verbalia Traducciones","description":"Just another WordPress site","publisher":{"@id":"https:\/\/verbaliatraducciones.com\/#organization"},"potentialAction":[{"@type":"SearchAction","target":{"@type":"EntryPoint","urlTemplate":"https:\/\/verbaliatraducciones.com\/?s={search_term_string}"},"query-input":"required name=search_term_string"}],"inLanguage":"fr-FR"},{"@type":"Organization","@id":"https:\/\/verbaliatraducciones.com\/#organization","name":"Verbalia Traducciones","url":"https:\/\/verbaliatraducciones.com\/","logo":{"@type":"ImageObject","inLanguage":"fr-FR","@id":"https:\/\/verbaliatraducciones.com\/#\/schema\/logo\/image\/","url":"https:\/\/verbaliatraducciones.com\/wp-content\/uploads\/2021\/02\/logo-1.png","contentUrl":"https:\/\/verbaliatraducciones.com\/wp-content\/uploads\/2021\/02\/logo-1.png","width":300,"height":100,"caption":"Verbalia Traducciones"},"image":{"@id":"https:\/\/verbaliatraducciones.com\/#\/schema\/logo\/image\/"}}]}},"_links":{"self":[{"href":"https:\/\/verbaliatraducciones.com\/fr\/wp-json\/wp\/v2\/pages\/636","targetHints":{"allow":["GET"]}}],"collection":[{"href":"https:\/\/verbaliatraducciones.com\/fr\/wp-json\/wp\/v2\/pages"}],"about":[{"href":"https:\/\/verbaliatraducciones.com\/fr\/wp-json\/wp\/v2\/types\/page"}],"author":[{"embeddable":true,"href":"https:\/\/verbaliatraducciones.com\/fr\/wp-json\/wp\/v2\/users\/1"}],"replies":[{"embeddable":true,"href":"https:\/\/verbaliatraducciones.com\/fr\/wp-json\/wp\/v2\/comments?post=636"}],"version-history":[{"count":9,"href":"https:\/\/verbaliatraducciones.com\/fr\/wp-json\/wp\/v2\/pages\/636\/revisions"}],"predecessor-version":[{"id":641,"href":"https:\/\/verbaliatraducciones.com\/fr\/wp-json\/wp\/v2\/pages\/636\/revisions\/641"}],"wp:attachment":[{"href":"https:\/\/verbaliatraducciones.com\/fr\/wp-json\/wp\/v2\/media?parent=636"}],"curies":[{"name":"wp","href":"https:\/\/api.w.org\/{rel}","templated":true}]}}