{"id":702,"date":"2021-02-23T12:21:49","date_gmt":"2021-02-23T12:21:49","guid":{"rendered":"https:\/\/verbaliatraducciones.com\/aviso-legal\/"},"modified":"2021-03-23T15:51:30","modified_gmt":"2021-03-23T15:51:30","slug":"mentions-legales","status":"publish","type":"page","link":"https:\/\/verbaliatraducciones.com\/fr\/mentions-legales\/","title":{"rendered":"Mentions l\u00e9gales"},"content":{"rendered":"<p>[vc_row][vc_column][vc_column_text]<\/p>\r\n<h1 class=\"wp-block-heading\">Avis<\/h1>\r\n<p>Afin de satisfaire les dispositions l\u00e9gales en vigueur et de permettre \u00e0 tous ses utilisateurs de se sentir en s\u00e9curit\u00e9 et en confiance, nous vous informons, en vertu de la loi 34\/2002 sur les services de la soci\u00e9t\u00e9 de l\u2019information et du commerce \u00e9lectronique, que ce site Web appartient \u00e0 ROXANA KARINA SIRIOREAN JURCAN, titulaire de la marque verbalia traducciones (ci-apr\u00e8s d\u00e9nomm\u00e9e VERBALIA TRADUCCIONES), disposant du num\u00e9ro d\u2019identification fiscale 02382772H, dont le si\u00e8ge social est sis \u00e0 Calle Alemania, 23, Entlo. 4, 03003, Alicante, Espagne, titulaire du site Web www.verbaliatraducciones.com, confirme qu\u2019elle est responsable des fichiers traitant les donn\u00e9es \u00e0 caract\u00e8re personnel fournies par les utilisateurs \u00e0 travers le portail et informe et communique aux utilisateurs du portail sa Politique de confidentialit\u00e9 en mati\u00e8re de protection des donn\u00e9es \u00e0 caract\u00e8re personnel conform\u00e9ment \u00e0 la l\u00e9gislation en vigueur en la mati\u00e8re et contenue dans la loi organique 15\/1999 du 13 d\u00e9cembre relative \u00e0 la protection des donn\u00e9es \u00e0 caract\u00e8re personnel et dans la loi 34\/2002 sur les services de la soci\u00e9t\u00e9 de l\u2019information.<\/p>\r\n<p>La finalit\u00e9 de cet avis est que utilisateurs du site Web d\u00e9cident librement et volontairement s\u2019ils souhaitent fournir \u00e0 VERBALIA TRADUCCIONES les donn\u00e9es \u00e0 caract\u00e8re personnels les concernant leur \u00e9tant demand\u00e9es en cons\u00e9quence de la visualisation du contenu du portail et de l\u2019acquisition des services de VERBALIA TRADUCCIONES.<\/p>\r\n<p>&nbsp;<\/p>\r\n<p>[\/vc_column_text][\/vc_column][\/vc_row]<\/p>\r\n","protected":false},"excerpt":{"rendered":"<p>[vc_row][vc_column][vc_column_text] Avis Afin de satisfaire les dispositions l\u00e9gales en vigueur et de permettre \u00e0 tous ses utilisateurs de se sentir en s\u00e9curit\u00e9 et en confiance, nous vous informons, en vertu de la loi 34\/2002 sur les services de la soci\u00e9t\u00e9 de l\u2019information et du commerce \u00e9lectronique, que ce site Web appartient \u00e0 ROXANA KARINA SIRIOREAN JURCAN, titulaire de la marque [&hellip;]<\/p>\n","protected":false},"author":1,"featured_media":0,"parent":0,"menu_order":0,"comment_status":"closed","ping_status":"open","template":"page-templates\/full-width.php","meta":{"footnotes":""},"class_list":["post-702","page","type-page","status-publish","hentry"],"yoast_head":"<!-- This site is optimized with the Yoast SEO plugin v19.13 - https:\/\/yoast.com\/wordpress\/plugins\/seo\/ -->\n<title>Mentions l\u00e9gales - Verbalia Traducciones<\/title>\n<meta name=\"robots\" content=\"index, follow, max-snippet:-1, max-image-preview:large, max-video-preview:-1\" \/>\n<link rel=\"canonical\" href=\"https:\/\/verbaliatraducciones.com\/fr\/mentions-legales\/\" \/>\n<meta property=\"og:locale\" content=\"fr_FR\" \/>\n<meta property=\"og:type\" content=\"article\" \/>\n<meta property=\"og:title\" content=\"Mentions l\u00e9gales - Verbalia Traducciones\" \/>\n<meta property=\"og:description\" content=\"[vc_row][vc_column][vc_column_text] Avis Afin de satisfaire les dispositions l\u00e9gales en vigueur et de permettre \u00e0 tous ses utilisateurs de se sentir en s\u00e9curit\u00e9 et en confiance, nous vous informons, en vertu de la loi 34\/2002 sur les services de la soci\u00e9t\u00e9 de l\u2019information et du commerce \u00e9lectronique, que ce site Web appartient \u00e0 ROXANA KARINA SIRIOREAN JURCAN, titulaire de la marque [&hellip;]\" \/>\n<meta property=\"og:url\" content=\"https:\/\/verbaliatraducciones.com\/fr\/mentions-legales\/\" \/>\n<meta property=\"og:site_name\" content=\"Verbalia Traducciones\" \/>\n<meta property=\"article:modified_time\" content=\"2021-03-23T15:51:30+00:00\" \/>\n<meta name=\"twitter:card\" content=\"summary_large_image\" \/>\n<meta name=\"twitter:label1\" content=\"Dur\u00e9e de lecture estim\u00e9e\" \/>\n\t<meta name=\"twitter:data1\" content=\"6 minutes\" \/>\n<script type=\"application\/ld+json\" class=\"yoast-schema-graph\">{\"@context\":\"https:\/\/schema.org\",\"@graph\":[{\"@type\":\"WebPage\",\"@id\":\"https:\/\/verbaliatraducciones.com\/fr\/mentions-legales\/\",\"url\":\"https:\/\/verbaliatraducciones.com\/fr\/mentions-legales\/\",\"name\":\"Mentions l\u00e9gales - Verbalia Traducciones\",\"isPartOf\":{\"@id\":\"https:\/\/verbaliatraducciones.com\/#website\"},\"datePublished\":\"2021-02-23T12:21:49+00:00\",\"dateModified\":\"2021-03-23T15:51:30+00:00\",\"breadcrumb\":{\"@id\":\"https:\/\/verbaliatraducciones.com\/fr\/mentions-legales\/#breadcrumb\"},\"inLanguage\":\"fr-FR\",\"potentialAction\":[{\"@type\":\"ReadAction\",\"target\":[\"https:\/\/verbaliatraducciones.com\/fr\/mentions-legales\/\"]}]},{\"@type\":\"BreadcrumbList\",\"@id\":\"https:\/\/verbaliatraducciones.com\/fr\/mentions-legales\/#breadcrumb\",\"itemListElement\":[{\"@type\":\"ListItem\",\"position\":1,\"name\":\"Home\",\"item\":\"https:\/\/verbaliatraducciones.com\/fr\/\"},{\"@type\":\"ListItem\",\"position\":2,\"name\":\"Mentions l\u00e9gales\"}]},{\"@type\":\"WebSite\",\"@id\":\"https:\/\/verbaliatraducciones.com\/#website\",\"url\":\"https:\/\/verbaliatraducciones.com\/\",\"name\":\"Verbalia Traducciones\",\"description\":\"Just another WordPress site\",\"publisher\":{\"@id\":\"https:\/\/verbaliatraducciones.com\/#organization\"},\"potentialAction\":[{\"@type\":\"SearchAction\",\"target\":{\"@type\":\"EntryPoint\",\"urlTemplate\":\"https:\/\/verbaliatraducciones.com\/?s={search_term_string}\"},\"query-input\":\"required name=search_term_string\"}],\"inLanguage\":\"fr-FR\"},{\"@type\":\"Organization\",\"@id\":\"https:\/\/verbaliatraducciones.com\/#organization\",\"name\":\"Verbalia Traducciones\",\"url\":\"https:\/\/verbaliatraducciones.com\/\",\"logo\":{\"@type\":\"ImageObject\",\"inLanguage\":\"fr-FR\",\"@id\":\"https:\/\/verbaliatraducciones.com\/#\/schema\/logo\/image\/\",\"url\":\"https:\/\/verbaliatraducciones.com\/wp-content\/uploads\/2021\/02\/logo-1.png\",\"contentUrl\":\"https:\/\/verbaliatraducciones.com\/wp-content\/uploads\/2021\/02\/logo-1.png\",\"width\":300,\"height\":100,\"caption\":\"Verbalia Traducciones\"},\"image\":{\"@id\":\"https:\/\/verbaliatraducciones.com\/#\/schema\/logo\/image\/\"}}]}<\/script>\n<!-- \/ Yoast SEO plugin. -->","yoast_head_json":{"title":"Mentions l\u00e9gales - Verbalia Traducciones","robots":{"index":"index","follow":"follow","max-snippet":"max-snippet:-1","max-image-preview":"max-image-preview:large","max-video-preview":"max-video-preview:-1"},"canonical":"https:\/\/verbaliatraducciones.com\/fr\/mentions-legales\/","og_locale":"fr_FR","og_type":"article","og_title":"Mentions l\u00e9gales - Verbalia Traducciones","og_description":"[vc_row][vc_column][vc_column_text] Avis Afin de satisfaire les dispositions l\u00e9gales en vigueur et de permettre \u00e0 tous ses utilisateurs de se sentir en s\u00e9curit\u00e9 et en confiance, nous vous informons, en vertu de la loi 34\/2002 sur les services de la soci\u00e9t\u00e9 de l\u2019information et du commerce \u00e9lectronique, que ce site Web appartient \u00e0 ROXANA KARINA SIRIOREAN JURCAN, titulaire de la marque [&hellip;]","og_url":"https:\/\/verbaliatraducciones.com\/fr\/mentions-legales\/","og_site_name":"Verbalia Traducciones","article_modified_time":"2021-03-23T15:51:30+00:00","twitter_card":"summary_large_image","twitter_misc":{"Dur\u00e9e de lecture estim\u00e9e":"6 minutes"},"schema":{"@context":"https:\/\/schema.org","@graph":[{"@type":"WebPage","@id":"https:\/\/verbaliatraducciones.com\/fr\/mentions-legales\/","url":"https:\/\/verbaliatraducciones.com\/fr\/mentions-legales\/","name":"Mentions l\u00e9gales - Verbalia Traducciones","isPartOf":{"@id":"https:\/\/verbaliatraducciones.com\/#website"},"datePublished":"2021-02-23T12:21:49+00:00","dateModified":"2021-03-23T15:51:30+00:00","breadcrumb":{"@id":"https:\/\/verbaliatraducciones.com\/fr\/mentions-legales\/#breadcrumb"},"inLanguage":"fr-FR","potentialAction":[{"@type":"ReadAction","target":["https:\/\/verbaliatraducciones.com\/fr\/mentions-legales\/"]}]},{"@type":"BreadcrumbList","@id":"https:\/\/verbaliatraducciones.com\/fr\/mentions-legales\/#breadcrumb","itemListElement":[{"@type":"ListItem","position":1,"name":"Home","item":"https:\/\/verbaliatraducciones.com\/fr\/"},{"@type":"ListItem","position":2,"name":"Mentions l\u00e9gales"}]},{"@type":"WebSite","@id":"https:\/\/verbaliatraducciones.com\/#website","url":"https:\/\/verbaliatraducciones.com\/","name":"Verbalia Traducciones","description":"Just another WordPress site","publisher":{"@id":"https:\/\/verbaliatraducciones.com\/#organization"},"potentialAction":[{"@type":"SearchAction","target":{"@type":"EntryPoint","urlTemplate":"https:\/\/verbaliatraducciones.com\/?s={search_term_string}"},"query-input":"required name=search_term_string"}],"inLanguage":"fr-FR"},{"@type":"Organization","@id":"https:\/\/verbaliatraducciones.com\/#organization","name":"Verbalia Traducciones","url":"https:\/\/verbaliatraducciones.com\/","logo":{"@type":"ImageObject","inLanguage":"fr-FR","@id":"https:\/\/verbaliatraducciones.com\/#\/schema\/logo\/image\/","url":"https:\/\/verbaliatraducciones.com\/wp-content\/uploads\/2021\/02\/logo-1.png","contentUrl":"https:\/\/verbaliatraducciones.com\/wp-content\/uploads\/2021\/02\/logo-1.png","width":300,"height":100,"caption":"Verbalia Traducciones"},"image":{"@id":"https:\/\/verbaliatraducciones.com\/#\/schema\/logo\/image\/"}}]}},"_links":{"self":[{"href":"https:\/\/verbaliatraducciones.com\/fr\/wp-json\/wp\/v2\/pages\/702","targetHints":{"allow":["GET"]}}],"collection":[{"href":"https:\/\/verbaliatraducciones.com\/fr\/wp-json\/wp\/v2\/pages"}],"about":[{"href":"https:\/\/verbaliatraducciones.com\/fr\/wp-json\/wp\/v2\/types\/page"}],"author":[{"embeddable":true,"href":"https:\/\/verbaliatraducciones.com\/fr\/wp-json\/wp\/v2\/users\/1"}],"replies":[{"embeddable":true,"href":"https:\/\/verbaliatraducciones.com\/fr\/wp-json\/wp\/v2\/comments?post=702"}],"version-history":[{"count":4,"href":"https:\/\/verbaliatraducciones.com\/fr\/wp-json\/wp\/v2\/pages\/702\/revisions"}],"predecessor-version":[{"id":729,"href":"https:\/\/verbaliatraducciones.com\/fr\/wp-json\/wp\/v2\/pages\/702\/revisions\/729"}],"wp:attachment":[{"href":"https:\/\/verbaliatraducciones.com\/fr\/wp-json\/wp\/v2\/media?parent=702"}],"curies":[{"name":"wp","href":"https:\/\/api.w.org\/{rel}","templated":true}]}}