{"id":719,"date":"2021-02-23T12:22:45","date_gmt":"2021-02-23T12:22:45","guid":{"rendered":"https:\/\/verbaliatraducciones.com\/politica-de-cookies\/"},"modified":"2021-03-22T20:18:49","modified_gmt":"2021-03-22T20:18:49","slug":"politique-relative-aux-cookies","status":"publish","type":"page","link":"https:\/\/verbaliatraducciones.com\/fr\/politique-relative-aux-cookies\/","title":{"rendered":"Politique relative aux cookies"},"content":{"rendered":"<p>[vc_row][vc_column][vc_column_text]<\/p>\r\n<h1 class=\"wp-block-heading\">Cookies<\/h1>\r\n<p>Ce site Web peut utiliser des cookies, mais ceux-ci ne traitent en aucun cas des donn\u00e9es \u00e0 caract\u00e8re personnel, ne captent pas les habitudes de navigation de l\u2019utilisateur et ne sont pas utilis\u00e9s \u00e0 des fins publicitaires, ils ne sont donc pas soumis au respect des obligations \u00e9tablies \u00e0 l\u2019article 22 de la loi sur les services de la soci\u00e9t\u00e9 de l\u2019information. Toutefois, l\u2019utilisateur consent \u00e0 l\u2019utilisation des cookies permettant la communication entre l\u2019ordinateur de l\u2019utilisateur et le r\u00e9seau, permettant de fournir un service express\u00e9ment demand\u00e9 par l\u2019utilisateur, permettant l\u2019authentification ou l\u2019identification de l\u2019utilisateur (uniquement de session), permettant d\u2019offrir des conditions de s\u00e9curit\u00e9 \u00e0 l\u2019utilisateur, permettant des sessions de reproducteur multim\u00e9dia, des sessions pour \u00e9quilibrer la charge, la personnalisation de l\u2019interface d\u2019utilisateur et de compl\u00e9ments (plug-in) et l\u2019\u00e9change de contenus sociaux. L\u2019utilisateur peut dans tous les cas, s\u2019il le souhaite, d\u00e9sactiver ou supprimer ces cookies en suivant les instructions de son navigateur Internet.<\/p>\r\n<h1>R\u00e9solution de controverses<\/h1>\r\n<p>Les parties renoncent express\u00e9ment \u00e0 la juridiction qui leur est propre, acceptent la l\u00e9gislation espagnole comme l\u00e9gislation applicable au pr\u00e9sent contrat en cas de controverse concernant l\u2019interpr\u00e9tation ou l\u2019ex\u00e9cution de celui-ci et se soumettent \u00e0 la cour et aux tribunaux d\u2019Alicante pour la r\u00e9solution de tout litige d\u00e9riv\u00e9 de celui-ci.<\/p>\r\n<p>[\/vc_column_text][\/vc_column][\/vc_row]<\/p>","protected":false},"excerpt":{"rendered":"<p>[vc_row][vc_column][vc_column_text] Cookies Ce site Web peut utiliser des cookies, mais ceux-ci ne traitent en aucun cas des donn\u00e9es \u00e0 caract\u00e8re personnel, ne captent pas les habitudes de navigation de l\u2019utilisateur et ne sont pas utilis\u00e9s \u00e0 des fins publicitaires, ils ne sont donc pas soumis au respect des obligations \u00e9tablies \u00e0 l\u2019article 22 de la loi sur les services de [&hellip;]<\/p>\n","protected":false},"author":1,"featured_media":0,"parent":0,"menu_order":0,"comment_status":"closed","ping_status":"open","template":"page-templates\/full-width.php","meta":{"footnotes":""},"class_list":["post-719","page","type-page","status-publish","hentry"],"yoast_head":"<!-- This site is optimized with the Yoast SEO plugin v19.13 - https:\/\/yoast.com\/wordpress\/plugins\/seo\/ -->\n<title>Politique relative aux cookies - Verbalia Traducciones<\/title>\n<meta name=\"robots\" content=\"index, follow, max-snippet:-1, max-image-preview:large, max-video-preview:-1\" \/>\n<link rel=\"canonical\" href=\"https:\/\/verbaliatraducciones.com\/fr\/politique-relative-aux-cookies\/\" \/>\n<meta property=\"og:locale\" content=\"fr_FR\" \/>\n<meta property=\"og:type\" content=\"article\" \/>\n<meta property=\"og:title\" content=\"Politique relative aux cookies - Verbalia Traducciones\" \/>\n<meta property=\"og:description\" content=\"[vc_row][vc_column][vc_column_text] Cookies Ce site Web peut utiliser des cookies, mais ceux-ci ne traitent en aucun cas des donn\u00e9es \u00e0 caract\u00e8re personnel, ne captent pas les habitudes de navigation de l\u2019utilisateur et ne sont pas utilis\u00e9s \u00e0 des fins publicitaires, ils ne sont donc pas soumis au respect des obligations \u00e9tablies \u00e0 l\u2019article 22 de la loi sur les services de [&hellip;]\" \/>\n<meta property=\"og:url\" content=\"https:\/\/verbaliatraducciones.com\/fr\/politique-relative-aux-cookies\/\" \/>\n<meta property=\"og:site_name\" content=\"Verbalia Traducciones\" \/>\n<meta property=\"article:modified_time\" content=\"2021-03-22T20:18:49+00:00\" \/>\n<meta name=\"twitter:card\" content=\"summary_large_image\" \/>\n<meta name=\"twitter:label1\" content=\"Dur\u00e9e de lecture estim\u00e9e\" \/>\n\t<meta name=\"twitter:data1\" content=\"1 minute\" \/>\n<script type=\"application\/ld+json\" class=\"yoast-schema-graph\">{\"@context\":\"https:\/\/schema.org\",\"@graph\":[{\"@type\":\"WebPage\",\"@id\":\"https:\/\/verbaliatraducciones.com\/fr\/politique-relative-aux-cookies\/\",\"url\":\"https:\/\/verbaliatraducciones.com\/fr\/politique-relative-aux-cookies\/\",\"name\":\"Politique relative aux cookies - Verbalia Traducciones\",\"isPartOf\":{\"@id\":\"https:\/\/verbaliatraducciones.com\/#website\"},\"datePublished\":\"2021-02-23T12:22:45+00:00\",\"dateModified\":\"2021-03-22T20:18:49+00:00\",\"breadcrumb\":{\"@id\":\"https:\/\/verbaliatraducciones.com\/fr\/politique-relative-aux-cookies\/#breadcrumb\"},\"inLanguage\":\"fr-FR\",\"potentialAction\":[{\"@type\":\"ReadAction\",\"target\":[\"https:\/\/verbaliatraducciones.com\/fr\/politique-relative-aux-cookies\/\"]}]},{\"@type\":\"BreadcrumbList\",\"@id\":\"https:\/\/verbaliatraducciones.com\/fr\/politique-relative-aux-cookies\/#breadcrumb\",\"itemListElement\":[{\"@type\":\"ListItem\",\"position\":1,\"name\":\"Home\",\"item\":\"https:\/\/verbaliatraducciones.com\/fr\/\"},{\"@type\":\"ListItem\",\"position\":2,\"name\":\"Politique relative aux cookies\"}]},{\"@type\":\"WebSite\",\"@id\":\"https:\/\/verbaliatraducciones.com\/#website\",\"url\":\"https:\/\/verbaliatraducciones.com\/\",\"name\":\"Verbalia Traducciones\",\"description\":\"Just another WordPress site\",\"publisher\":{\"@id\":\"https:\/\/verbaliatraducciones.com\/#organization\"},\"potentialAction\":[{\"@type\":\"SearchAction\",\"target\":{\"@type\":\"EntryPoint\",\"urlTemplate\":\"https:\/\/verbaliatraducciones.com\/?s={search_term_string}\"},\"query-input\":\"required name=search_term_string\"}],\"inLanguage\":\"fr-FR\"},{\"@type\":\"Organization\",\"@id\":\"https:\/\/verbaliatraducciones.com\/#organization\",\"name\":\"Verbalia Traducciones\",\"url\":\"https:\/\/verbaliatraducciones.com\/\",\"logo\":{\"@type\":\"ImageObject\",\"inLanguage\":\"fr-FR\",\"@id\":\"https:\/\/verbaliatraducciones.com\/#\/schema\/logo\/image\/\",\"url\":\"https:\/\/verbaliatraducciones.com\/wp-content\/uploads\/2021\/02\/logo-1.png\",\"contentUrl\":\"https:\/\/verbaliatraducciones.com\/wp-content\/uploads\/2021\/02\/logo-1.png\",\"width\":300,\"height\":100,\"caption\":\"Verbalia Traducciones\"},\"image\":{\"@id\":\"https:\/\/verbaliatraducciones.com\/#\/schema\/logo\/image\/\"}}]}<\/script>\n<!-- \/ Yoast SEO plugin. -->","yoast_head_json":{"title":"Politique relative aux cookies - Verbalia Traducciones","robots":{"index":"index","follow":"follow","max-snippet":"max-snippet:-1","max-image-preview":"max-image-preview:large","max-video-preview":"max-video-preview:-1"},"canonical":"https:\/\/verbaliatraducciones.com\/fr\/politique-relative-aux-cookies\/","og_locale":"fr_FR","og_type":"article","og_title":"Politique relative aux cookies - Verbalia Traducciones","og_description":"[vc_row][vc_column][vc_column_text] Cookies Ce site Web peut utiliser des cookies, mais ceux-ci ne traitent en aucun cas des donn\u00e9es \u00e0 caract\u00e8re personnel, ne captent pas les habitudes de navigation de l\u2019utilisateur et ne sont pas utilis\u00e9s \u00e0 des fins publicitaires, ils ne sont donc pas soumis au respect des obligations \u00e9tablies \u00e0 l\u2019article 22 de la loi sur les services de [&hellip;]","og_url":"https:\/\/verbaliatraducciones.com\/fr\/politique-relative-aux-cookies\/","og_site_name":"Verbalia Traducciones","article_modified_time":"2021-03-22T20:18:49+00:00","twitter_card":"summary_large_image","twitter_misc":{"Dur\u00e9e de lecture estim\u00e9e":"1 minute"},"schema":{"@context":"https:\/\/schema.org","@graph":[{"@type":"WebPage","@id":"https:\/\/verbaliatraducciones.com\/fr\/politique-relative-aux-cookies\/","url":"https:\/\/verbaliatraducciones.com\/fr\/politique-relative-aux-cookies\/","name":"Politique relative aux cookies - Verbalia Traducciones","isPartOf":{"@id":"https:\/\/verbaliatraducciones.com\/#website"},"datePublished":"2021-02-23T12:22:45+00:00","dateModified":"2021-03-22T20:18:49+00:00","breadcrumb":{"@id":"https:\/\/verbaliatraducciones.com\/fr\/politique-relative-aux-cookies\/#breadcrumb"},"inLanguage":"fr-FR","potentialAction":[{"@type":"ReadAction","target":["https:\/\/verbaliatraducciones.com\/fr\/politique-relative-aux-cookies\/"]}]},{"@type":"BreadcrumbList","@id":"https:\/\/verbaliatraducciones.com\/fr\/politique-relative-aux-cookies\/#breadcrumb","itemListElement":[{"@type":"ListItem","position":1,"name":"Home","item":"https:\/\/verbaliatraducciones.com\/fr\/"},{"@type":"ListItem","position":2,"name":"Politique relative aux cookies"}]},{"@type":"WebSite","@id":"https:\/\/verbaliatraducciones.com\/#website","url":"https:\/\/verbaliatraducciones.com\/","name":"Verbalia Traducciones","description":"Just another WordPress site","publisher":{"@id":"https:\/\/verbaliatraducciones.com\/#organization"},"potentialAction":[{"@type":"SearchAction","target":{"@type":"EntryPoint","urlTemplate":"https:\/\/verbaliatraducciones.com\/?s={search_term_string}"},"query-input":"required name=search_term_string"}],"inLanguage":"fr-FR"},{"@type":"Organization","@id":"https:\/\/verbaliatraducciones.com\/#organization","name":"Verbalia Traducciones","url":"https:\/\/verbaliatraducciones.com\/","logo":{"@type":"ImageObject","inLanguage":"fr-FR","@id":"https:\/\/verbaliatraducciones.com\/#\/schema\/logo\/image\/","url":"https:\/\/verbaliatraducciones.com\/wp-content\/uploads\/2021\/02\/logo-1.png","contentUrl":"https:\/\/verbaliatraducciones.com\/wp-content\/uploads\/2021\/02\/logo-1.png","width":300,"height":100,"caption":"Verbalia Traducciones"},"image":{"@id":"https:\/\/verbaliatraducciones.com\/#\/schema\/logo\/image\/"}}]}},"_links":{"self":[{"href":"https:\/\/verbaliatraducciones.com\/fr\/wp-json\/wp\/v2\/pages\/719","targetHints":{"allow":["GET"]}}],"collection":[{"href":"https:\/\/verbaliatraducciones.com\/fr\/wp-json\/wp\/v2\/pages"}],"about":[{"href":"https:\/\/verbaliatraducciones.com\/fr\/wp-json\/wp\/v2\/types\/page"}],"author":[{"embeddable":true,"href":"https:\/\/verbaliatraducciones.com\/fr\/wp-json\/wp\/v2\/users\/1"}],"replies":[{"embeddable":true,"href":"https:\/\/verbaliatraducciones.com\/fr\/wp-json\/wp\/v2\/comments?post=719"}],"version-history":[{"count":2,"href":"https:\/\/verbaliatraducciones.com\/fr\/wp-json\/wp\/v2\/pages\/719\/revisions"}],"predecessor-version":[{"id":721,"href":"https:\/\/verbaliatraducciones.com\/fr\/wp-json\/wp\/v2\/pages\/719\/revisions\/721"}],"wp:attachment":[{"href":"https:\/\/verbaliatraducciones.com\/fr\/wp-json\/wp\/v2\/media?parent=719"}],"curies":[{"name":"wp","href":"https:\/\/api.w.org\/{rel}","templated":true}]}}